{"id":1286,"date":"2020-10-19T08:52:16","date_gmt":"2020-10-19T11:52:16","guid":{"rendered":"https:\/\/abtelecom.org.br\/site\/?page_id=1286"},"modified":"2023-05-04T20:09:38","modified_gmt":"2023-05-04T23:09:38","slug":"parceiros","status":"publish","type":"page","link":"https:\/\/abtelecom.org.br\/site\/parceiros\/","title":{"rendered":"Parceiros"},"content":{"rendered":"<div class=\"flex_column av_one_full  flex_column_div av-zero-column-padding first  \" style='border-radius:0px; '><section class=\"av_textblock_section\"  itemscope=\"itemscope\" itemtype=\"https:\/\/schema.org\/CreativeWork\" ><div class='avia_textblock '   itemprop=\"text\" ><h2 style=\"text-align: center;\">NOSSOS PARCEIROS<\/h2>\n<\/div><\/section><\/div>\n<\/div><\/div><\/div><!-- close content main div --><\/div><\/div><div id='av-layout-grid-1' class='av-layout-grid-container entry-content-wrapper main_color av-flex-cells  container_wrap sidebar_right'   >\n<div class=\"flex_cell no_margin av_one_fifth   \" ><div class='flex_cell_inner' ><div class='avia-image-container  av-styling-   avia-align-center '  itemscope=\"itemscope\" itemtype=\"https:\/\/schema.org\/ImageObject\"  ><div class='avia-image-container-inner'><img class='avia_image ' src='https:\/\/abtelecom.org.br\/site\/wp-content\/uploads\/2016\/02\/Etica.fw_.png' alt='' title='Etica.fw'   itemprop=\"thumbnailUrl\"  \/><\/div><\/div>\n<\/div><\/div><div class=\"flex_cell no_margin av_four_fifth   \" ><div class='flex_cell_inner' ><section class=\"av_textblock_section\"  itemscope=\"itemscope\" itemtype=\"https:\/\/schema.org\/CreativeWork\" ><div class='avia_textblock '   itemprop=\"text\" ><p>A \u00e9tica \u00e9 uma parceira permanente da ABTelecom.<\/p>\n<\/div><\/section>\n<\/div><\/div>\n<\/div>\n<\/div><\/div><\/div><!-- close content main div --><\/div><\/div><div id='av-layout-grid-2' class='av-layout-grid-container entry-content-wrapper main_color av-flex-cells  container_wrap sidebar_right'   >\n<div class=\"flex_cell no_margin av_one_fifth   \" ><div class='flex_cell_inner' ><div class='avia-image-container  av-styling-   avia-align-center '  itemscope=\"itemscope\" itemtype=\"https:\/\/schema.org\/ImageObject\"  ><div class='avia-image-container-inner'><img class='avia_image ' src='https:\/\/abtelecom.org.br\/site\/wp-content\/uploads\/2016\/02\/vigilia.fw_.png' alt='' title='vigilia.fw'   itemprop=\"thumbnailUrl\"  \/><\/div><\/div>\n<\/div><\/div><div class=\"flex_cell no_margin av_four_fifth   \" ><div class='flex_cell_inner' ><section class=\"av_textblock_section\"  itemscope=\"itemscope\" itemtype=\"https:\/\/schema.org\/CreativeWork\" ><div class='avia_textblock '   itemprop=\"text\" ><p>Quem somos<\/p>\n<p>A VIGILIA possui mais de 20 anos de experi\u00eancia em monitoramento ativo de Sistemas Eletr\u00f4nicos de Seguran\u00e7a. Essa experi\u00eancia acumulada nos torna uma das empresas com maior sofistica\u00e7\u00e3o tecnol\u00f3gica, sempre baseada na alta valoriza\u00e7\u00e3o dos recursos humanos.<\/p>\n<p>Somos uma empresa l\u00edder em qualidade e integra\u00e7\u00e3o de servi\u00e7os.<\/p>\n<p>Porque escolher-nos?<\/p>\n<p>&gt; Monitoramento ativo de alarmes e sistemas AVL<\/p>\n<p>&gt; Controle e identifica\u00e7\u00e3o de Usu\u00e1rios de Sistemas de Seguran\u00e7a.<\/p>\n<p>&gt; Servi\u00e7o de tele-atendimento.<\/p>\n<p>&gt; Relat\u00f3rios Personalizados e On-line de cada uma de suas Contas.<\/p>\n<p>&gt; Acordos com as principais Seguradoras.<\/p>\n<p>&gt; Sistemas de detec\u00e7\u00e3o de inc\u00eandio.<\/p>\n<p>&gt; Servi\u00e7o 0800 para comunica\u00e7\u00e3o gratuita com nossa Central de Monitoramento.<\/p>\n<p>&gt; Servi\u00e7os e Instala\u00e7\u00f5es pensadas e concebidas para proteger Bens e Pessoas.<\/p>\n<p>&gt; Bot\u00f5es fixos e sem fio para notificar emerg\u00eancias.<\/p>\n<p><a href=\"http:\/\/www.vigilia.com.ar\/\" target=\"_blank\" rel=\"noopener\">www.vigilia.com.ar<\/a><\/p>\n<\/div><\/section>\n<\/div><\/div>\n<\/div>\n<\/div><\/div><\/div><!-- close content main div --><\/div><\/div><div id='av-layout-grid-3' class='av-layout-grid-container entry-content-wrapper main_color av-flex-cells  container_wrap sidebar_right'   >\n<div class=\"flex_cell no_margin av_one_fifth   \" ><div class='flex_cell_inner' ><div class='avia-image-container  av-styling-   avia-align-center '  itemscope=\"itemscope\" itemtype=\"https:\/\/schema.org\/ImageObject\"  ><div class='avia-image-container-inner'><img class='avia_image ' src='https:\/\/abtelecom.org.br\/site\/wp-content\/uploads\/2017\/03\/logo-tribo.png' alt='' title='logo-tribo'   itemprop=\"thumbnailUrl\"  \/><\/div><\/div>\n<\/div><\/div><div class=\"flex_cell no_margin av_four_fifth   \" ><div class='flex_cell_inner' ><section class=\"av_textblock_section\"  itemscope=\"itemscope\" itemtype=\"https:\/\/schema.org\/CreativeWork\" ><div class='avia_textblock '   itemprop=\"text\" ><p>Somos uma ag\u00eancia de publicidade, design, web e marketing digital, com 7 anos de vida, presentes no Rio de Janeiro e em Orlando, Fl\u00f3rida.<\/p>\n<p><a href=\"https:\/\/tribocom.com\/\" target=\"_blank\" rel=\"noopener\">www.tribocom.com<\/a><\/p>\n<\/div><\/section>\n<\/div><\/div>\n<\/div>\n<\/div><\/div><\/div><!-- close content main div --><\/div><\/div><div id='av-layout-grid-4' class='av-layout-grid-container entry-content-wrapper main_color av-flex-cells  container_wrap sidebar_right'   >\n<div class=\"flex_cell no_margin av_one_fifth   \" ><div class='flex_cell_inner' ><div class='avia-image-container  av-styling-   avia-align-center '  itemscope=\"itemscope\" itemtype=\"https:\/\/schema.org\/ImageObject\"  ><div class='avia-image-container-inner'><img class='avia_image ' src='https:\/\/abtelecom.org.br\/site\/wp-content\/uploads\/2020\/10\/brafip.jpg' alt='' title='brafip'   itemprop=\"thumbnailUrl\"  \/><\/div><\/div>\n<\/div><\/div><div class=\"flex_cell no_margin av_four_fifth   \" ><div class='flex_cell_inner' ><section class=\"av_textblock_section\"  itemscope=\"itemscope\" itemtype=\"https:\/\/schema.org\/CreativeWork\" ><div class='avia_textblock '   itemprop=\"text\" ><p>Constitu\u00edda atualmente como associa\u00e7\u00e3o sem fins lucrativos, a BraFIP trabalha para auxiliar na constru\u00e7\u00e3o de projetos de Pesquisa, Desenvolvimento e Inova\u00e7\u00e3o (P+D+i) em coopera\u00e7\u00e3o, isto \u00e9, envolvendo diversas empresas, universidades e centros de pesquisa, frequentemente de pa\u00edses diferentes.<\/p>\n<p><a href=\"http:\/\/www.brafip.org.br\/brafip\/\" target=\"_blank\" rel=\"noopener\">www.brafip.org.br\u00a0<\/a><\/p>\n<\/div><\/section>\n<\/div><\/div>\n<\/div>\n<\/div><\/div><\/div><!-- close content main div --><\/div><\/div><div id='av-layout-grid-5' class='av-layout-grid-container entry-content-wrapper main_color av-flex-cells  container_wrap sidebar_right'   >\n<div class=\"flex_cell no_margin av_one_fifth   \" ><div class='flex_cell_inner' ><div class='avia-image-container  av-styling-   avia-align-center '  itemscope=\"itemscope\" itemtype=\"https:\/\/schema.org\/ImageObject\"  ><div class='avia-image-container-inner'><img class='avia_image ' src='https:\/\/abtelecom.org.br\/site\/wp-content\/uploads\/2020\/10\/septel.jpg' alt='' title='septel'   itemprop=\"thumbnailUrl\"  \/><\/div><\/div>\n<\/div><\/div><div class=\"flex_cell no_margin av_four_fifth   \" ><div class='flex_cell_inner' ><section class=\"av_textblock_section\"  itemscope=\"itemscope\" itemtype=\"https:\/\/schema.org\/CreativeWork\" ><div class='avia_textblock '   itemprop=\"text\" ><p>Septet Systems \u00e9 uma empresa focada no desenvolvimento de tecnologias inovadoras para os consumidores, empresas, governos, acad\u00eamicos e de sa\u00fade. A equipe fundadora de Septet Systems combina d\u00e9cadas de trabalho em tecnologias de pesquisa e gest\u00e3o do conhecimento nos EUA e a Europa, sendo a sede em Nova Yorque com uma representa\u00e7\u00e3o europeia em Fran\u00e7a.<\/p>\n<p>Plagium \u00e9 um servi\u00e7o de Septet Systems. O Plagium ajuda-o a garantir a originalidade de um texto, detectando e identificando poss\u00edveis pl\u00e1gios.<\/p>\n<p><a href=\"https:\/\/www.septetsystems.com\/\" target=\"_blank\" rel=\"noopener\">\u00a0www.septetsystems.com\u00a0<\/a><\/p>\n<\/div><\/section>\n<\/div><\/div>\n<\/div>\n<\/div><\/div><\/div><!-- close content main div --><\/div><\/div><div id='av-layout-grid-6' class='av-layout-grid-container entry-content-wrapper main_color av-flex-cells  container_wrap sidebar_right'   >\n<div class=\"flex_cell no_margin av_one_fifth   \" ><div class='flex_cell_inner' ><div class='avia-image-container  av-styling-   avia-align-center '  itemscope=\"itemscope\" itemtype=\"https:\/\/schema.org\/ImageObject\"  ><div class='avia-image-container-inner'><img class='avia_image ' src='https:\/\/abtelecom.org.br\/site\/wp-content\/uploads\/2020\/10\/ctcp.jpg' alt='' title='ctcp'   itemprop=\"thumbnailUrl\"  \/><\/div><\/div>\n<\/div><\/div><div class=\"flex_cell no_margin av_four_fifth   \" ><div class='flex_cell_inner' ><section class=\"av_textblock_section\"  itemscope=\"itemscope\" itemtype=\"https:\/\/schema.org\/CreativeWork\" ><div class='avia_textblock '   itemprop=\"text\" ><p>Enquanto OCD (Organismo de Certifica\u00e7\u00e3o Designado) , o CTCP conduz todo o processo de certifica\u00e7\u00e3o ANATEL, denominado de Avalia\u00e7\u00e3o da Conformidade de Produtos para Telecomunica\u00e7\u00f5es, emitindo ao final o Certificado de Conformidade T\u00e9cnica necess\u00e1rio para a homologa\u00e7\u00e3o ANATEL.<\/p>\n<p><a href=\"https:\/\/ctcp.org.br\/\" target=\"_blank\" rel=\"noopener\">www.ctcp.org.br<\/a><\/p>\n<\/div><\/section>\n<\/div><\/div>\n<\/div>\n<\/div><\/div><\/div><!-- close content main div --><\/div><\/div><div id='av-layout-grid-7' class='av-layout-grid-container entry-content-wrapper main_color av-flex-cells  container_wrap sidebar_right'   >\n<div class=\"flex_cell no_margin av_one_fifth   \" ><div class='flex_cell_inner' ><div class='avia-image-container  av-styling-   avia-align-center '  itemscope=\"itemscope\" itemtype=\"https:\/\/schema.org\/ImageObject\"  ><div class='avia-image-container-inner'><img class='avia_image ' src='https:\/\/abtelecom.org.br\/site\/wp-content\/uploads\/2020\/10\/bework.jpg' alt='' title='bework'   itemprop=\"thumbnailUrl\"  \/><\/div><\/div>\n<\/div><\/div><div class=\"flex_cell no_margin av_four_fifth   \" ><div class='flex_cell_inner' ><section class=\"av_textblock_section\"  itemscope=\"itemscope\" itemtype=\"https:\/\/schema.org\/CreativeWork\" ><div class='avia_textblock '   itemprop=\"text\" ><p>A Be Work Happy Brasil \u00e9 uma empresa brasileira de tecnologia, especializada na compreens\u00e3o contextual da linguagem, em parceria com a matriz em B\u00e9lgica. Be Work Happy oferece produtos e servi\u00e7os inovadores para RH, mais especificamente Recrutamento e Gest\u00e3o de Talentos.<\/p>\n<p><a href=\"https:\/\/www.beworkhappy.com.br\/\" target=\"_blank\" rel=\"noopener\">www.beworkhappy.com.br<\/a><\/p>\n<\/div><\/section>\n<\/div><\/div>\n<\/div>\n<\/div><\/div><\/div><!-- close content main div --><\/div><\/div><div id='av-layout-grid-8' class='av-layout-grid-container entry-content-wrapper main_color av-flex-cells  container_wrap sidebar_right'   >\n<div class=\"flex_cell no_margin av_one_fifth   \" ><div class='flex_cell_inner' ><div class='avia-image-container  av-styling-   avia-align-center '  itemscope=\"itemscope\" itemtype=\"https:\/\/schema.org\/ImageObject\"  ><div class='avia-image-container-inner'><a href='https:\/\/beflow.online\/' class='avia_image'   target=\"_blank\" ><img class='avia_image ' src='https:\/\/abtelecom.org.br\/site\/wp-content\/uploads\/2023\/05\/image-130x130-2.png' alt='beflow' title='image-130x130'  itemprop=\"thumbnailUrl\"  \/><\/a><\/div><\/div>\n<\/div><\/div><div class=\"flex_cell no_margin av_four_fifth   \" ><div class='flex_cell_inner' ><section class=\"av_textblock_section\"  itemscope=\"itemscope\" itemtype=\"https:\/\/schema.org\/CreativeWork\" ><div class='avia_textblock '   itemprop=\"text\" ><p>A BeFlow \u00e9 uma empresa de Marketing Digital especializada em Estrat\u00e9gia e Produ\u00e7\u00e3o de Conte\u00fado para as redes sociais,<br \/>\nCria\u00e7\u00e3o e gerenciamento de an\u00fancios\u00a0 online e Estrategia de Lan\u00e7amento de cursos Online.<\/p>\n<p><a href=\"https:\/\/beflow.online\/\" target=\"_blank\" rel=\"noopener\">https:\/\/beflow.online\/\u00a0<\/a><\/p>\n<\/div><\/section>\n<\/div><\/div><\/div>\n","protected":false},"excerpt":{"rendered":"","protected":false},"author":17,"featured_media":0,"parent":0,"menu_order":0,"comment_status":"closed","ping_status":"closed","template":"","meta":{"_exactmetrics_skip_tracking":false,"_exactmetrics_sitenote_active":false,"_exactmetrics_sitenote_note":"","_exactmetrics_sitenote_category":0,"footnotes":""},"yoast_head":"<!-- This site is optimized with the Yoast SEO plugin v21.7 - https:\/\/yoast.com\/wordpress\/plugins\/seo\/ -->\n<title>Parceiros - ABTelecom<\/title>\n<meta name=\"robots\" content=\"index, follow, max-snippet:-1, max-image-preview:large, max-video-preview:-1\" \/>\n<link rel=\"canonical\" href=\"https:\/\/abtelecom.org.br\/site\/parceiros\/\" \/>\n<meta property=\"og:locale\" content=\"pt_BR\" \/>\n<meta property=\"og:type\" content=\"article\" \/>\n<meta property=\"og:title\" content=\"Parceiros - ABTelecom\" \/>\n<meta property=\"og:url\" content=\"https:\/\/abtelecom.org.br\/site\/parceiros\/\" \/>\n<meta property=\"og:site_name\" content=\"ABTelecom\" \/>\n<meta property=\"article:modified_time\" content=\"2023-05-04T23:09:38+00:00\" \/>\n<meta name=\"twitter:card\" content=\"summary_large_image\" \/>\n<meta name=\"twitter:label1\" content=\"Est. tempo de leitura\" \/>\n\t<meta name=\"twitter:data1\" content=\"4 minutos\" \/>\n<script type=\"application\/ld+json\" class=\"yoast-schema-graph\">{\"@context\":\"https:\/\/schema.org\",\"@graph\":[{\"@type\":\"WebPage\",\"@id\":\"https:\/\/abtelecom.org.br\/site\/parceiros\/\",\"url\":\"https:\/\/abtelecom.org.br\/site\/parceiros\/\",\"name\":\"Parceiros - ABTelecom\",\"isPartOf\":{\"@id\":\"https:\/\/abtelecom.org.br\/site\/#website\"},\"datePublished\":\"2020-10-19T11:52:16+00:00\",\"dateModified\":\"2023-05-04T23:09:38+00:00\",\"breadcrumb\":{\"@id\":\"https:\/\/abtelecom.org.br\/site\/parceiros\/#breadcrumb\"},\"inLanguage\":\"pt-BR\",\"potentialAction\":[{\"@type\":\"ReadAction\",\"target\":[\"https:\/\/abtelecom.org.br\/site\/parceiros\/\"]}]},{\"@type\":\"BreadcrumbList\",\"@id\":\"https:\/\/abtelecom.org.br\/site\/parceiros\/#breadcrumb\",\"itemListElement\":[{\"@type\":\"ListItem\",\"position\":1,\"name\":\"In\u00edcio\",\"item\":\"https:\/\/abtelecom.org.br\/site\/\"},{\"@type\":\"ListItem\",\"position\":2,\"name\":\"Parceiros\"}]},{\"@type\":\"WebSite\",\"@id\":\"https:\/\/abtelecom.org.br\/site\/#website\",\"url\":\"https:\/\/abtelecom.org.br\/site\/\",\"name\":\"ABTelecom\",\"description\":\"Associa\u00e7\u00e3o Brasileira de Telecomunica\u00e7\u00f5es\",\"potentialAction\":[{\"@type\":\"SearchAction\",\"target\":{\"@type\":\"EntryPoint\",\"urlTemplate\":\"https:\/\/abtelecom.org.br\/site\/?s={search_term_string}\"},\"query-input\":\"required name=search_term_string\"}],\"inLanguage\":\"pt-BR\"}]}<\/script>\n<!-- \/ Yoast SEO plugin. -->","yoast_head_json":{"title":"Parceiros - ABTelecom","robots":{"index":"index","follow":"follow","max-snippet":"max-snippet:-1","max-image-preview":"max-image-preview:large","max-video-preview":"max-video-preview:-1"},"canonical":"https:\/\/abtelecom.org.br\/site\/parceiros\/","og_locale":"pt_BR","og_type":"article","og_title":"Parceiros - ABTelecom","og_url":"https:\/\/abtelecom.org.br\/site\/parceiros\/","og_site_name":"ABTelecom","article_modified_time":"2023-05-04T23:09:38+00:00","twitter_card":"summary_large_image","twitter_misc":{"Est. tempo de leitura":"4 minutos"},"schema":{"@context":"https:\/\/schema.org","@graph":[{"@type":"WebPage","@id":"https:\/\/abtelecom.org.br\/site\/parceiros\/","url":"https:\/\/abtelecom.org.br\/site\/parceiros\/","name":"Parceiros - ABTelecom","isPartOf":{"@id":"https:\/\/abtelecom.org.br\/site\/#website"},"datePublished":"2020-10-19T11:52:16+00:00","dateModified":"2023-05-04T23:09:38+00:00","breadcrumb":{"@id":"https:\/\/abtelecom.org.br\/site\/parceiros\/#breadcrumb"},"inLanguage":"pt-BR","potentialAction":[{"@type":"ReadAction","target":["https:\/\/abtelecom.org.br\/site\/parceiros\/"]}]},{"@type":"BreadcrumbList","@id":"https:\/\/abtelecom.org.br\/site\/parceiros\/#breadcrumb","itemListElement":[{"@type":"ListItem","position":1,"name":"In\u00edcio","item":"https:\/\/abtelecom.org.br\/site\/"},{"@type":"ListItem","position":2,"name":"Parceiros"}]},{"@type":"WebSite","@id":"https:\/\/abtelecom.org.br\/site\/#website","url":"https:\/\/abtelecom.org.br\/site\/","name":"ABTelecom","description":"Associa\u00e7\u00e3o Brasileira de Telecomunica\u00e7\u00f5es","potentialAction":[{"@type":"SearchAction","target":{"@type":"EntryPoint","urlTemplate":"https:\/\/abtelecom.org.br\/site\/?s={search_term_string}"},"query-input":"required name=search_term_string"}],"inLanguage":"pt-BR"}]}},"_links":{"self":[{"href":"https:\/\/abtelecom.org.br\/site\/wp-json\/wp\/v2\/pages\/1286"}],"collection":[{"href":"https:\/\/abtelecom.org.br\/site\/wp-json\/wp\/v2\/pages"}],"about":[{"href":"https:\/\/abtelecom.org.br\/site\/wp-json\/wp\/v2\/types\/page"}],"author":[{"embeddable":true,"href":"https:\/\/abtelecom.org.br\/site\/wp-json\/wp\/v2\/users\/17"}],"replies":[{"embeddable":true,"href":"https:\/\/abtelecom.org.br\/site\/wp-json\/wp\/v2\/comments?post=1286"}],"version-history":[{"count":0,"href":"https:\/\/abtelecom.org.br\/site\/wp-json\/wp\/v2\/pages\/1286\/revisions"}],"wp:attachment":[{"href":"https:\/\/abtelecom.org.br\/site\/wp-json\/wp\/v2\/media?parent=1286"}],"curies":[{"name":"wp","href":"https:\/\/api.w.org\/{rel}","templated":true}]}}