{"id":2851,"date":"2025-09-24T13:53:40","date_gmt":"2025-09-24T16:53:40","guid":{"rendered":"https:\/\/abtelecom.org.br\/site\/?page_id=2851"},"modified":"2025-09-24T14:43:47","modified_gmt":"2025-09-24T17:43:47","slug":"abt-next-2026","status":"publish","type":"page","link":"https:\/\/abtelecom.org.br\/site\/abt-next-2026\/","title":{"rendered":"ABT NEXT 2026"},"content":{"rendered":"<div class=\"flex_column av_one_half  flex_column_div av-zero-column-padding first  \" style='border-radius:0px; '><div class='avia-image-container  av-styling-   avia-align-center '  itemscope=\"itemscope\" itemtype=\"https:\/\/schema.org\/ImageObject\"  ><div class='avia-image-container-inner'><img class='avia_image ' src='https:\/\/abtelecom.org.br\/site\/wp-content\/uploads\/2025\/09\/ab-net.jpeg' alt='' title='ab net'   itemprop=\"thumbnailUrl\"  \/><\/div><\/div><\/div>\n<div class=\"flex_column av_one_half  flex_column_div av-zero-column-padding   \" style='border-radius:0px; '><section class=\"av_textblock_section\"  itemscope=\"itemscope\" itemtype=\"https:\/\/schema.org\/CreativeWork\" ><div class='avia_textblock '   itemprop=\"text\" ><h1 id=\"\" hidden=\"\" data-pm-slice=\"1 1 &#091;\"><span class=\"textColor\">ABT NEXT 2026<\/span><\/h1>\n<div id=\"\" class=\"card-layout-item\" hidden=\"\" data-pm-slice=\"2 2 &#091;\">\n<h2>New Trends<\/h2>\n<h3>Congresso de Telecomunica\u00e7\u00f5es<\/h3>\n<p class=\"paragraph\" data-font-size=\"lg\">Rio de Janeiro, Brasil<\/p>\n<p class=\"paragraph\" data-font-size=\"lg\">agosto\/2026<\/p>\n<\/div>\n<\/div><\/section><\/div>\n<section class=\"av_textblock_section\"  itemscope=\"itemscope\" itemtype=\"https:\/\/schema.org\/CreativeWork\" ><div class='avia_textblock '   itemprop=\"text\" ><div id=\"\" class=\"card-layout-item\" hidden=\"\" data-pm-slice=\"2 2 [\">\n<h1><span class=\"textColor\">ABERTURA \u2013 <b>CEN\u00c1RIO MACRO E AMBIENTE DE NEG\u00d3CIO<\/b><\/span><\/h1>\n<h2><span class=\"textColor\"><b>Key Note Speaker \u2013 O FUTURO DAS TELECOMUNICA\u00c7\u00d5ES \u2013 IMPACTO DA TECNOLOGIA, ENERGIA, DATA CENTERS, MEIO AMBIENTE E SOCIEDADE<\/b><\/span><\/h2>\n<\/div>\n<div id=\"\" class=\"card-layout-item\" hidden=\"\" data-pm-slice=\"2 2 [\">\n<p class=\"paragraph\"><b>SESS\u00d4ES TEM\u00c1TICAS<\/b><\/p>\n<h1><span class=\"textColor\">TECNOLOGIA<\/span><\/h1>\n<p class=\"paragraph\"><span class=\"textColor\">IA, Data Centers, Big Data, Edge Computing, Cyberseguran\u00e7a<\/span><\/p>\n<\/div>\n<div id=\"\" class=\"card-layout-item\" hidden=\"\" data-pm-slice=\"2 2 [\"><\/div>\n<\/div><\/section>\n<div class=\"flex_column av_one_third  flex_column_div av-zero-column-padding first  \" style='border-radius:0px; '><section class=\"av_textblock_section\"  itemscope=\"itemscope\" itemtype=\"https:\/\/schema.org\/CreativeWork\" ><div class='avia_textblock '   itemprop=\"text\" ><div id=\"N8U-r\" class=\"layout-item\" hidden=\"\" data-id=\"N8U-r\" data-options=\"{}\" data-pm-slice=\"2 2 &#091;\">\n<h4><span class=\"textColor\"><b>Do 5g ao 6G: Estamos prontos para o pr\u00f3ximo passo?<\/b><\/span><\/h4>\n<p class=\"paragraph\"><span class=\"textColor\">Acelera\u00e7\u00e3o tecnol\u00f3gica vs. maturidade de mercado, modelos de monetiza\u00e7\u00e3o e prepara\u00e7\u00e3o da infraestrutura para o salto.<\/span><\/p>\n<\/div>\n<\/div><\/section><\/div>\n<div class=\"flex_column av_one_third  flex_column_div av-zero-column-padding   \" style='border-radius:0px; '><section class=\"av_textblock_section\"  itemscope=\"itemscope\" itemtype=\"https:\/\/schema.org\/CreativeWork\" ><div class='avia_textblock '   itemprop=\"text\" ><div id=\"WQ-VD\" class=\"layout-item\" hidden=\"\" data-id=\"WQ-VD\" data-options=\"{}\" data-pm-slice=\"2 2 &#091;\">\n<p class=\"paragraph\"><span class=\"textColor\"><b>Redes geridas por IA: Desafios<\/b><\/span><\/p>\n<p class=\"paragraph\"><span class=\"textColor\">Redes autogeridas por intelig\u00eancia artificial: efici\u00eancia, confiabilidade, otimiza\u00e7\u00e3o de custos, Edge computing<\/span><\/p>\n<\/div>\n<\/div><\/section><\/div>\n<div class=\"flex_column av_one_third  flex_column_div av-zero-column-padding   \" style='border-radius:0px; '><section class=\"av_textblock_section\"  itemscope=\"itemscope\" itemtype=\"https:\/\/schema.org\/CreativeWork\" ><div class='avia_textblock '   itemprop=\"text\" ><div id=\"hBdn5\" class=\"layout-item\" hidden=\"\" data-id=\"hBdn5\" data-options=\"{}\" data-pm-slice=\"2 2 &#091;\">\n<h4><span class=\"textColor\"><b>TELECOM VERDE: Desafios em energia, materiais e ciclos de vida<\/b><\/span><\/h4>\n<p class=\"paragraph\"><span class=\"textColor\">Como a press\u00e3o por efici\u00eancia energ\u00e9tica, novas tecnologias e ESG v\u00e3o redefinir a opera\u00e7\u00e3o de redes, data centers, equipamentos fixos e m\u00f3veis<\/span><\/p>\n<\/div>\n<\/div><\/section><\/div>\n<div class='avia-image-container  av-styling-   avia-align-center '  itemscope=\"itemscope\" itemtype=\"https:\/\/schema.org\/ImageObject\"  ><div class='avia-image-container-inner'><img class='avia_image ' src='https:\/\/abtelecom.org.br\/site\/wp-content\/uploads\/2025\/09\/5g.png' alt='' title='5g'   itemprop=\"thumbnailUrl\"  \/><\/div><\/div>\n<section class=\"av_textblock_section\"  itemscope=\"itemscope\" itemtype=\"https:\/\/schema.org\/CreativeWork\" ><div class='avia_textblock '   itemprop=\"text\" ><h1 id=\"\" hidden=\"\" data-pm-slice=\"1 1 [\"><span class=\"textColor\">OPERADORAS<\/span><\/h1>\n<p id=\"\" class=\"paragraph\" hidden=\"\" data-pm-slice=\"1 1 [\"><span class=\"textColor\">Redes M\u00f3veis, Infraestrutura F\u00edsica (5G, 6G, rede fibra, rede sat\u00e9lites), MVNO, Provedores de Internet<\/span><\/p>\n<\/div><\/section>\n<section class=\"av_textblock_section\"  itemscope=\"itemscope\" itemtype=\"https:\/\/schema.org\/CreativeWork\" ><div class='avia_textblock '   itemprop=\"text\" ><div id=\"h8KJa\" class=\"layout-item\" hidden=\"\" data-id=\"h8KJa\" data-options=\"{}\" data-image=\"{\" data-pm-slice=\"2 2 [\">\n<h4><span class=\"textColor\"><b>Cyberseguran\u00e7a: Como proteger os sistemas interligados<\/b><\/span><\/h4>\n<p class=\"paragraph\"><span class=\"textColor\">O aumento das amea\u00e7as cibern\u00e9ticas e o impacto na infraestrutura cr\u00edtica de Telecom e energia \u2013 fornecedores de Anti DDoS, defesa para bloqueio da Redes<\/span><\/p>\n<\/div>\n<\/div><\/section>\n<section class=\"av_textblock_section\"  itemscope=\"itemscope\" itemtype=\"https:\/\/schema.org\/CreativeWork\" ><div class='avia_textblock '   itemprop=\"text\" ><div id=\"h8KJa\" class=\"layout-item\" hidden=\"\" data-id=\"h8KJa\" data-options=\"{}\" data-image=\"{\" data-pm-slice=\"2 2 [\">\n<div id=\"yk-56\" class=\"layout-item\" hidden=\"\" data-id=\"yk-56\" data-options=\"{}\" data-pm-slice=\"2 2 [\">\n<p class=\"paragraph\"><span class=\"textColor\"><b>Infraestrutura Cr\u00edtica de Telecomunica\u00e7\u00f5es<\/b><\/span><\/p>\n<p class=\"paragraph\"><span class=\"textColor\">Investimentos individualizados ou o compartilhamento poss\u00edvel<\/span><\/p>\n<\/div>\n<\/div>\n<\/div><\/section>\n<section class=\"av_textblock_section\"  itemscope=\"itemscope\" itemtype=\"https:\/\/schema.org\/CreativeWork\" ><div class='avia_textblock '   itemprop=\"text\" ><div id=\"tsgJH\" class=\"layout-item\" hidden=\"\" data-id=\"tsgJH\" data-options=\"{}\" data-image=\"{\" data-pm-slice=\"2 2 [\">\n<h4><span class=\"textColor\"><b>OPENRAN \u2013 tecnologia propriet\u00e1ria ou padronizada<\/b><\/span><\/h4>\n<p class=\"paragraph\"><span class=\"textColor\">Impactos na competitividade, investimentos e tecnologia<\/span><\/p>\n<\/div>\n<\/div><\/section>\n<section class=\"av_textblock_section\"  itemscope=\"itemscope\" itemtype=\"https:\/\/schema.org\/CreativeWork\" ><div class='avia_textblock '   itemprop=\"text\" ><div id=\"\" class=\"layout-item\" hidden=\"\" data-id=\"h8KJa\" data-options=\"{}\" data-image=\"{\" data-pm-slice=\"2 2 [\">\n<div id=\"\" class=\"layout-item\" hidden=\"\" data-id=\"yk-56\" data-options=\"{}\" data-pm-slice=\"2 2 [\">\n<div id=\"\" class=\"layout-item\" hidden=\"\" data-id=\"tsgJH\" data-options=\"{}\" data-image=\"{\" data-pm-slice=\"2 2 [\">\n<h4><span class=\"textColor\"><b>OPENRAN \u2013 tecnologia propriet\u00e1ria ou padronizada<\/b><\/span><\/h4>\n<p class=\"paragraph\"><span class=\"textColor\">Impactos na competitividade, investimentos e tecnologia<\/span><\/p>\n<\/div>\n<\/div>\n<\/div>\n<\/div><\/section>\n<section class=\"av_textblock_section\"  itemscope=\"itemscope\" itemtype=\"https:\/\/schema.org\/CreativeWork\" ><div class='avia_textblock '   itemprop=\"text\" ><div id=\"h8KJa\" class=\"layout-item\" hidden=\"\" data-id=\"h8KJa\" data-options=\"{}\" data-image=\"{\" data-pm-slice=\"2 2 [\">\n<div id=\"yk-56\" class=\"layout-item\" hidden=\"\" data-id=\"yk-56\" data-options=\"{}\" data-pm-slice=\"2 2 [\">\n<div id=\"tsgJH\" class=\"layout-item\" hidden=\"\" data-id=\"tsgJH\" data-options=\"{}\" data-image=\"{\" data-pm-slice=\"2 2 [\">\n<div id=\"\" class=\"card-layout-item\" hidden=\"\" data-pm-slice=\"2 4 [\">\n<h1><span class=\"textColor\">UTILIZADORES E APLICA\u00c7\u00d5ES &#8211; a conex\u00e3o com Tecnologia e Operadoras<\/span><\/h1>\n<p class=\"paragraph\">Agro, Ind\u00fastria, IoT, Fintechs, SaaS, Cidades Inteligentes<\/p>\n<div class=\"columns\" data-colwidths=\"[33.34,33.33,33.33]\">\n<div class=\"column\">\n<h4><\/h4>\n<\/div>\n<\/div>\n<\/div>\n<\/div>\n<\/div>\n<\/div>\n<\/div><\/section>\n<div class=\"flex_column av_one_third  flex_column_div av-zero-column-padding first  \" style='border-radius:0px; '><div class='avia-image-container  av-styling-  noHover  av-overlay-hover-deactivate  avia-align-center '  itemscope=\"itemscope\" itemtype=\"https:\/\/schema.org\/ImageObject\"  ><div class='avia-image-container-inner'><div class='av-image-caption-overlay'><div class='av-caption-image-overlay-bg' style='opacity:0.4; background-color:#000000; '><\/div><div class='av-image-caption-overlay-position'><div class='av-image-caption-overlay-center' style='color:#ffffff; '><p>IoT &amp; Smart Everything:<\/p>\n<p>A disputa das plataformas que integrar\u00e3o agricultura, casas, cidades e ind\u00fastrias inteligentes<\/p>\n<\/div><\/div><\/div><img class='avia_image ' src='https:\/\/abtelecom.org.br\/site\/wp-content\/uploads\/2025\/09\/1.png' alt='' title='1'   itemprop=\"thumbnailUrl\"  \/><\/div><\/div><\/div>\n<div class=\"flex_column av_one_third  flex_column_div av-zero-column-padding   \" style='border-radius:0px; '><div class='avia-image-container  av-styling-  noHover  av-overlay-hover-deactivate  avia-align-center '  itemscope=\"itemscope\" itemtype=\"https:\/\/schema.org\/ImageObject\"  ><div class='avia-image-container-inner'><div class='av-image-caption-overlay'><div class='av-caption-image-overlay-bg' style='opacity:0.4; background-color:#000000; '><\/div><div class='av-image-caption-overlay-position'><div class='av-image-caption-overlay-center' style='color:#ffffff; '><p>Discuss\u00f5es Atuais \u2013 Padroniza\u00e7\u00e3o de standards de tecnologia e seguran\u00e7a, o impacto da IA e do Edge Computing<\/p>\n<\/div><\/div><\/div><img class='avia_image ' src='https:\/\/abtelecom.org.br\/site\/wp-content\/uploads\/2025\/09\/2.png' alt='' title='2'   itemprop=\"thumbnailUrl\"  \/><\/div><\/div><\/div>\n<div class=\"flex_column av_one_third  flex_column_div av-zero-column-padding   \" style='border-radius:0px; '><div class='avia-image-container  av-styling-  noHover  av-overlay-hover-deactivate  avia-align-center '  itemscope=\"itemscope\" itemtype=\"https:\/\/schema.org\/ImageObject\"  ><div class='avia-image-container-inner'><div class='av-image-caption-overlay'><div class='av-caption-image-overlay-bg' style='opacity:0.4; background-color:#000000; '><\/div><div class='av-image-caption-overlay-position'><div class='av-image-caption-overlay-center' style='color:#ffffff; '><p>Smart Cities: Impactos na Qualidade de Vida do Cidad\u00e3o<\/p>\n<p>Como usar a tecnologia para melhorar Educa\u00e7\u00e3o, Sa\u00fade, Locomo\u00e7\u00e3o e Seguran\u00e7a<\/p>\n<\/div><\/div><\/div><img class='avia_image ' src='https:\/\/abtelecom.org.br\/site\/wp-content\/uploads\/2025\/09\/3.png' alt='' title='3'   itemprop=\"thumbnailUrl\"  \/><\/div><\/div><\/div>\n<div class=\"flex_column av_one_full  flex_column_div av-zero-column-padding first  \" style='border-radius:0px; '><section class=\"av_textblock_section\"  itemscope=\"itemscope\" itemtype=\"https:\/\/schema.org\/CreativeWork\" ><div class='avia_textblock '   itemprop=\"text\" ><div class=\"card-layout-item\" data-pm-slice=\"2 2 &#091;&quot;document&quot;,{&quot;aiOptions&quot;:{&quot;preserveLayouts&quot;:false,&quot;imageOptions&quot;:{&quot;license&quot;:&quot;All&quot;,&quot;provider&quot;:&quot;aiGenerated&quot;,&quot;generateStyle&quot;:&quot;Bold and creative with a playful and fresh style, featuring vibrant shades of teal, green, and neon blue in a dynamic gradient for a modern look.&quot;,&quot;model&quot;:&quot;flux-1-pro&quot;,&quot;modelAutoselect&quot;:true,&quot;stylePreset&quot;:&quot;Theme&quot;,&quot;visualsMenuEnabled&quot;:true,&quot;artStylePreset&quot;:&quot;illustration&quot;,&quot;artStylePrompt&quot;:&quot;Modern vector illustration. Clean, defined linework with flat color fills and minimal gradients. Mix of contemporary editorial illustration and Japanese-influenced art.&quot;}},&quot;docId&quot;:&quot;29kgowrxxf652w8&quot;,&quot;background&quot;:{&quot;type&quot;:&quot;none&quot;},&quot;docFlags&quot;:{&quot;cardLayoutsEnabled&quot;:true},&quot;format&quot;:&quot;deck&quot;,&quot;customCode&quot;:{},&quot;settings&quot;:{&quot;defaultFullBleed&quot;:&quot;contained&quot;,&quot;stylesDerivedFrom&quot;:&quot;deck_default&quot;,&quot;cardDimensions&quot;:&quot;fluid&quot;,&quot;verticalAlign&quot;:&quot;center&quot;,&quot;defaultContentWidth&quot;:&quot;lg&quot;,&quot;fontSize&quot;:&quot;md&quot;,&quot;scaleContentToFit&quot;:false,&quot;locale&quot;:&quot;pt-br&quot;,&quot;animationsEnabled&quot;:true},&quot;generateStatus&quot;:&quot;done&quot;,&quot;generateInfo&quot;:{&quot;interactionId&quot;:&quot;ykrqh5qvg3299sn&quot;,&quot;streamId&quot;:&quot;29kgowrxxf652w8&quot;,&quot;lastEventId&quot;:&quot;5&quot;,&quot;lastCompletedCardId&quot;:&quot;jz8gxyt0hincdwk&quot;,&quot;lastCompletedCardIndex&quot;:4}},&quot;card&quot;,{&quot;id&quot;:&quot;jz8gxyt0hincdwk&quot;,&quot;previewContent&quot;:null,&quot;background&quot;:{&quot;type&quot;:&quot;none&quot;},&quot;container&quot;:{&quot;background&quot;:{&quot;color&quot;:{&quot;hex&quot;:&quot;#091231&quot;},&quot;type&quot;:&quot;color&quot;}},&quot;cardSize&quot;:&quot;default&quot;,&quot;layout&quot;:&quot;blank&quot;,&quot;layoutTemplateColumns&quot;:null,&quot;layoutTemplateRows&quot;:null,&quot;verticalAlign&quot;:null,&quot;generatorInput&quot;:null,&quot;fontScale&quot;:null,&quot;cardMarginSettings&quot;:{},&quot;hidden&quot;:false}&#093;\">\n<h1><span class=\"textColor\">GOVERNAN\u00c7A E REGULAMENTA\u00c7\u00c3O<\/span><\/h1>\n<p class=\"paragraph\">MCT, FINEP, BNDES, Ag\u00eancias (ANATEL, ANEEL), \u00c9tica e Vieses, Infraestrutura Legal<\/p>\n<\/div>\n<\/div><\/section><\/div><div class=\"flex_column av_one_third  flex_column_div av-zero-column-padding first  \" style='border-radius:0px; '><section class=\"av_textblock_section\"  itemscope=\"itemscope\" itemtype=\"https:\/\/schema.org\/CreativeWork\" ><div class='avia_textblock '   itemprop=\"text\" ><div id=\"mDpYi\" class=\"layout-item\" hidden=\"\" data-id=\"mDpYi\" data-options=\"{}\" data-pm-slice=\"2 2 &#091;\">\n<h4><b>Regulamenta\u00e7\u00e3o de Uso de Dados, Privacidade, Inclus\u00e3o e Seguran\u00e7a<\/b><\/h4>\n<p class=\"paragraph\">Como atingir Objetivos por vezes conflitantes.<\/p>\n<\/div>\n<\/div><\/section><\/div><\/p>\n<div class=\"flex_column av_one_third  flex_column_div av-zero-column-padding   \" style='border-radius:0px; '><section class=\"av_textblock_section\"  itemscope=\"itemscope\" itemtype=\"https:\/\/schema.org\/CreativeWork\" ><div class='avia_textblock '   itemprop=\"text\" ><div id=\"mDpYi\" class=\"layout-item\" hidden=\"\" data-id=\"mDpYi\" data-options=\"{}\" data-pm-slice=\"2 2 &#091;\">\n<h4 id=\"\" hidden=\"\" data-pm-slice=\"1 1 &#091;\"><b>Regula\u00e7\u00e3o das Redes: Atingimento de Objetivos para o bem p\u00fablico e os Impactos na Opera\u00e7\u00e3o<\/b><\/h4>\n<\/div>\n<\/div><\/section><\/div>\n<div class=\"flex_column av_one_third  flex_column_div av-zero-column-padding   \" style='border-radius:0px; '><section class=\"av_textblock_section\"  itemscope=\"itemscope\" itemtype=\"https:\/\/schema.org\/CreativeWork\" ><div class='avia_textblock '   itemprop=\"text\" ><div id=\"mDpYi\" class=\"layout-item\" hidden=\"\" data-id=\"mDpYi\" data-options=\"{}\" data-pm-slice=\"2 2 &#091;\">\n<div id=\"ohd6f\" class=\"layout-item\" hidden=\"\" data-id=\"ohd6f\" data-options=\"{}\" data-pm-slice=\"2 2 &#091;\">\n<h4><b>Evolu\u00e7\u00e3o da Conectividade e Infraestrutura<\/b><\/h4>\n<p class=\"paragraph\">5G e 6G, internet via sat\u00e9lite, banda larga, fibra \u00f3tica.<\/p>\n<\/div>\n<\/div>\n<\/div><\/section><\/div>\n<div class=\"flex_column av_one_full  flex_column_div av-zero-column-padding first  \" style='border-radius:0px; '><section class=\"av_textblock_section\"  itemscope=\"itemscope\" itemtype=\"https:\/\/schema.org\/CreativeWork\" ><div class='avia_textblock '   itemprop=\"text\" ><div class=\"card-layout-item\" data-pm-slice=\"2 2 &#091;&quot;document&quot;,{&quot;aiOptions&quot;:{&quot;preserveLayouts&quot;:false,&quot;imageOptions&quot;:{&quot;license&quot;:&quot;All&quot;,&quot;provider&quot;:&quot;aiGenerated&quot;,&quot;generateStyle&quot;:&quot;Bold and creative with a playful and fresh style, featuring vibrant shades of teal, green, and neon blue in a dynamic gradient for a modern look.&quot;,&quot;model&quot;:&quot;flux-1-pro&quot;,&quot;modelAutoselect&quot;:true,&quot;stylePreset&quot;:&quot;Theme&quot;,&quot;visualsMenuEnabled&quot;:true,&quot;artStylePreset&quot;:&quot;illustration&quot;,&quot;artStylePrompt&quot;:&quot;Modern vector illustration. Clean, defined linework with flat color fills and minimal gradients. Mix of contemporary editorial illustration and Japanese-influenced art.&quot;}},&quot;docId&quot;:&quot;29kgowrxxf652w8&quot;,&quot;background&quot;:{&quot;type&quot;:&quot;none&quot;},&quot;docFlags&quot;:{&quot;cardLayoutsEnabled&quot;:true},&quot;format&quot;:&quot;deck&quot;,&quot;customCode&quot;:{},&quot;settings&quot;:{&quot;defaultFullBleed&quot;:&quot;contained&quot;,&quot;stylesDerivedFrom&quot;:&quot;deck_default&quot;,&quot;cardDimensions&quot;:&quot;fluid&quot;,&quot;verticalAlign&quot;:&quot;center&quot;,&quot;defaultContentWidth&quot;:&quot;lg&quot;,&quot;fontSize&quot;:&quot;md&quot;,&quot;scaleContentToFit&quot;:false,&quot;locale&quot;:&quot;pt-br&quot;,&quot;animationsEnabled&quot;:true},&quot;generateStatus&quot;:&quot;done&quot;,&quot;generateInfo&quot;:{&quot;interactionId&quot;:&quot;ykrqh5qvg3299sn&quot;,&quot;streamId&quot;:&quot;29kgowrxxf652w8&quot;,&quot;lastEventId&quot;:&quot;5&quot;,&quot;lastCompletedCardId&quot;:&quot;jz8gxyt0hincdwk&quot;,&quot;lastCompletedCardIndex&quot;:4}},&quot;card&quot;,{&quot;id&quot;:&quot;jz8gxyt0hincdwk&quot;,&quot;previewContent&quot;:null,&quot;background&quot;:{&quot;type&quot;:&quot;none&quot;},&quot;container&quot;:{&quot;background&quot;:{&quot;color&quot;:{&quot;hex&quot;:&quot;#091231&quot;},&quot;type&quot;:&quot;color&quot;}},&quot;cardSize&quot;:&quot;default&quot;,&quot;layout&quot;:&quot;blank&quot;,&quot;layoutTemplateColumns&quot;:null,&quot;layoutTemplateRows&quot;:null,&quot;verticalAlign&quot;:null,&quot;generatorInput&quot;:null,&quot;fontScale&quot;:null,&quot;cardMarginSettings&quot;:{},&quot;hidden&quot;:false}&#093;\">\n<h1><span class=\"textColor\">INVESTIDORES E STARTUPS\u00a0<\/span><\/h1>\n<p class=\"paragraph\">Sala de apresenta\u00e7\u00e3o de projetos, produtos e sistemas para pesquisadores e investidores<\/p>\n<\/div>\n<\/div><\/section><\/div><div class=\"flex_column av_one_full  flex_column_div av-zero-column-padding first  \" style='border-radius:0px; '><div class='avia-image-container  av-styling-   avia-align-center '  itemscope=\"itemscope\" itemtype=\"https:\/\/schema.org\/ImageObject\"  ><div class='avia-image-container-inner'><img class='avia_image ' src='https:\/\/abtelecom.org.br\/site\/wp-content\/uploads\/2025\/09\/frame.png' alt='' title='frame'   itemprop=\"thumbnailUrl\"  \/><\/div><\/div><\/div><\/p>\n","protected":false},"excerpt":{"rendered":"","protected":false},"author":17,"featured_media":0,"parent":0,"menu_order":0,"comment_status":"closed","ping_status":"closed","template":"","meta":{"_exactmetrics_skip_tracking":false,"_exactmetrics_sitenote_active":false,"_exactmetrics_sitenote_note":"","_exactmetrics_sitenote_category":0,"footnotes":""},"yoast_head":"<!-- This site is optimized with the Yoast SEO plugin v21.7 - https:\/\/yoast.com\/wordpress\/plugins\/seo\/ -->\n<title>ABT NEXT 2026 - ABTelecom<\/title>\n<meta name=\"robots\" content=\"index, follow, max-snippet:-1, max-image-preview:large, max-video-preview:-1\" \/>\n<link rel=\"canonical\" href=\"https:\/\/abtelecom.org.br\/site\/abt-next-2026\/\" \/>\n<meta property=\"og:locale\" content=\"pt_BR\" \/>\n<meta property=\"og:type\" content=\"article\" \/>\n<meta property=\"og:title\" content=\"ABT NEXT 2026 - ABTelecom\" \/>\n<meta property=\"og:url\" content=\"https:\/\/abtelecom.org.br\/site\/abt-next-2026\/\" \/>\n<meta property=\"og:site_name\" content=\"ABTelecom\" \/>\n<meta property=\"article:modified_time\" content=\"2025-09-24T17:43:47+00:00\" \/>\n<meta name=\"twitter:card\" content=\"summary_large_image\" \/>\n<meta name=\"twitter:label1\" content=\"Est. tempo de leitura\" \/>\n\t<meta name=\"twitter:data1\" content=\"5 minutos\" \/>\n<script type=\"application\/ld+json\" class=\"yoast-schema-graph\">{\"@context\":\"https:\/\/schema.org\",\"@graph\":[{\"@type\":\"WebPage\",\"@id\":\"https:\/\/abtelecom.org.br\/site\/abt-next-2026\/\",\"url\":\"https:\/\/abtelecom.org.br\/site\/abt-next-2026\/\",\"name\":\"ABT NEXT 2026 - ABTelecom\",\"isPartOf\":{\"@id\":\"https:\/\/abtelecom.org.br\/site\/#website\"},\"datePublished\":\"2025-09-24T16:53:40+00:00\",\"dateModified\":\"2025-09-24T17:43:47+00:00\",\"breadcrumb\":{\"@id\":\"https:\/\/abtelecom.org.br\/site\/abt-next-2026\/#breadcrumb\"},\"inLanguage\":\"pt-BR\",\"potentialAction\":[{\"@type\":\"ReadAction\",\"target\":[\"https:\/\/abtelecom.org.br\/site\/abt-next-2026\/\"]}]},{\"@type\":\"BreadcrumbList\",\"@id\":\"https:\/\/abtelecom.org.br\/site\/abt-next-2026\/#breadcrumb\",\"itemListElement\":[{\"@type\":\"ListItem\",\"position\":1,\"name\":\"In\u00edcio\",\"item\":\"https:\/\/abtelecom.org.br\/site\/\"},{\"@type\":\"ListItem\",\"position\":2,\"name\":\"ABT NEXT 2026\"}]},{\"@type\":\"WebSite\",\"@id\":\"https:\/\/abtelecom.org.br\/site\/#website\",\"url\":\"https:\/\/abtelecom.org.br\/site\/\",\"name\":\"ABTelecom\",\"description\":\"Associa\u00e7\u00e3o Brasileira de Telecomunica\u00e7\u00f5es\",\"potentialAction\":[{\"@type\":\"SearchAction\",\"target\":{\"@type\":\"EntryPoint\",\"urlTemplate\":\"https:\/\/abtelecom.org.br\/site\/?s={search_term_string}\"},\"query-input\":\"required name=search_term_string\"}],\"inLanguage\":\"pt-BR\"}]}<\/script>\n<!-- \/ Yoast SEO plugin. -->","yoast_head_json":{"title":"ABT NEXT 2026 - ABTelecom","robots":{"index":"index","follow":"follow","max-snippet":"max-snippet:-1","max-image-preview":"max-image-preview:large","max-video-preview":"max-video-preview:-1"},"canonical":"https:\/\/abtelecom.org.br\/site\/abt-next-2026\/","og_locale":"pt_BR","og_type":"article","og_title":"ABT NEXT 2026 - ABTelecom","og_url":"https:\/\/abtelecom.org.br\/site\/abt-next-2026\/","og_site_name":"ABTelecom","article_modified_time":"2025-09-24T17:43:47+00:00","twitter_card":"summary_large_image","twitter_misc":{"Est. tempo de leitura":"5 minutos"},"schema":{"@context":"https:\/\/schema.org","@graph":[{"@type":"WebPage","@id":"https:\/\/abtelecom.org.br\/site\/abt-next-2026\/","url":"https:\/\/abtelecom.org.br\/site\/abt-next-2026\/","name":"ABT NEXT 2026 - ABTelecom","isPartOf":{"@id":"https:\/\/abtelecom.org.br\/site\/#website"},"datePublished":"2025-09-24T16:53:40+00:00","dateModified":"2025-09-24T17:43:47+00:00","breadcrumb":{"@id":"https:\/\/abtelecom.org.br\/site\/abt-next-2026\/#breadcrumb"},"inLanguage":"pt-BR","potentialAction":[{"@type":"ReadAction","target":["https:\/\/abtelecom.org.br\/site\/abt-next-2026\/"]}]},{"@type":"BreadcrumbList","@id":"https:\/\/abtelecom.org.br\/site\/abt-next-2026\/#breadcrumb","itemListElement":[{"@type":"ListItem","position":1,"name":"In\u00edcio","item":"https:\/\/abtelecom.org.br\/site\/"},{"@type":"ListItem","position":2,"name":"ABT NEXT 2026"}]},{"@type":"WebSite","@id":"https:\/\/abtelecom.org.br\/site\/#website","url":"https:\/\/abtelecom.org.br\/site\/","name":"ABTelecom","description":"Associa\u00e7\u00e3o Brasileira de Telecomunica\u00e7\u00f5es","potentialAction":[{"@type":"SearchAction","target":{"@type":"EntryPoint","urlTemplate":"https:\/\/abtelecom.org.br\/site\/?s={search_term_string}"},"query-input":"required name=search_term_string"}],"inLanguage":"pt-BR"}]}},"_links":{"self":[{"href":"https:\/\/abtelecom.org.br\/site\/wp-json\/wp\/v2\/pages\/2851"}],"collection":[{"href":"https:\/\/abtelecom.org.br\/site\/wp-json\/wp\/v2\/pages"}],"about":[{"href":"https:\/\/abtelecom.org.br\/site\/wp-json\/wp\/v2\/types\/page"}],"author":[{"embeddable":true,"href":"https:\/\/abtelecom.org.br\/site\/wp-json\/wp\/v2\/users\/17"}],"replies":[{"embeddable":true,"href":"https:\/\/abtelecom.org.br\/site\/wp-json\/wp\/v2\/comments?post=2851"}],"version-history":[{"count":8,"href":"https:\/\/abtelecom.org.br\/site\/wp-json\/wp\/v2\/pages\/2851\/revisions"}],"predecessor-version":[{"id":2865,"href":"https:\/\/abtelecom.org.br\/site\/wp-json\/wp\/v2\/pages\/2851\/revisions\/2865"}],"wp:attachment":[{"href":"https:\/\/abtelecom.org.br\/site\/wp-json\/wp\/v2\/media?parent=2851"}],"curies":[{"name":"wp","href":"https:\/\/api.w.org\/{rel}","templated":true}]}}