{"id":515,"date":"2016-05-11T13:49:10","date_gmt":"2016-05-11T16:49:10","guid":{"rendered":"http:\/\/wpoffice\/enfold-fitness\/?page_id=515"},"modified":"2025-10-22T15:05:00","modified_gmt":"2025-10-22T18:05:00","slug":"ab-telecom","status":"publish","type":"page","link":"https:\/\/abtelecom.org.br\/site\/ab-telecom\/","title":{"rendered":"AB Telecom"},"content":{"rendered":"<\/div><\/div><\/div><!-- close content main div --><\/div><\/div><div id='av_section_1' class='avia-section main_color avia-section-large avia-no-border-styling avia-bg-style-scroll  container_wrap sidebar_right'   ><div class='container' ><div class='template-page content  av-content-small alpha units'><div class='post-entry post-entry-type-page post-entry-515'><div class='entry-content-wrapper clearfix'>\n<div style='padding-bottom:30px;font-size:70px;' class='av-special-heading av-special-heading-h1  blockquote modern-quote   av-thin-font av-inherit-size'><h1 class='av-special-heading-tag'  itemprop=\"headline\"  >CONHE\u00c7A A ABTELECOM<strong>.<\/strong><\/h1><div class='special-heading-border'><div class='special-heading-inner-border' ><\/div><\/div><\/div>\n<div class=\"flex_column av_one_half  flex_column_div av-zero-column-padding first  \" style='border-radius:0px; '><p><section class=\"av_textblock_section\"  itemscope=\"itemscope\" itemtype=\"https:\/\/schema.org\/CreativeWork\" ><div class='avia_textblock '   itemprop=\"text\" ><p>A ABTELECOM\u00a0 fundada em 1947, \u00e9 a mais antiga associa\u00e7\u00e3o nacional na \u00e1rea de telecomunica\u00e7\u00f5es e tem como finalidade desenvolver incrementar as rela\u00e7\u00f5es no ramo das telecomunica\u00e7\u00f5es, levando em considera\u00e7\u00e3o as profundas transforma\u00e7\u00f5es ocorridas no cen\u00e1rio institucional e legal das telecomunica\u00e7\u00f5es e da converg\u00eancia tecnol\u00f3gica das plataformas de produ\u00e7\u00e3o, de presta\u00e7\u00e3o e de uso de servi\u00e7os.<\/p>\n<p>Certa de seu papel no segmento est\u00e1 empenhada em apoiar e consolidar a\u00e7\u00f5es vinculadas \u00e0s Tecnologias de Informa\u00e7\u00e3o e Comunica\u00e7\u00e3o, \u00e0 din\u00e2mica dos aspectos e de fomentar o fortalecimento industrial, de desenvolvimento tecnol\u00f3gico, de qualidade da forma\u00e7\u00e3o de recursos humanos, da qualidade e continuidade dos servi\u00e7os concedidos, da regulamenta\u00e7\u00e3o das telecomunica\u00e7\u00f5es e foco em:<\/p>\n<\/div><\/section><br \/>\n<div style='height:30px' class='hr hr-invisible '><span class='hr-inner ' ><span class='hr-inner-style'><\/span><\/span><\/div><br \/>\n<div class='avia-button-wrap avia-button-left '><a href='https:\/\/abtelecom.org.br\/site\/nossa-historia\/' class='avia-button av-icon-on-hover avia-icon_select-yes-right-icon avia-color-theme-color avia-size-large avia-position-left '   ><span class='avia_iconbox_title' >CONHE\u00c7A NOSSA HIST\u00d3RIA<\/span><span class='avia_button_icon avia_button_icon_right' aria-hidden='true' data-av_icon='\ue879' data-av_iconfont='entypo-fontello'><\/span><\/a><\/div><\/p><\/div><div class=\"flex_column av_one_half  flex_column_div av-zero-column-padding   \" style='border-radius:0px; '><section class=\"av_textblock_section\"  itemscope=\"itemscope\" itemtype=\"https:\/\/schema.org\/CreativeWork\" ><div class='avia_textblock '   itemprop=\"text\" ><ul>\n<li>Regulamenta\u00e7\u00e3o e sua aplica\u00e7\u00e3o: estudos cr\u00edticos, avalia\u00e7\u00e3o e efetiva\u00e7\u00e3o de aplica\u00e7\u00f5es;<\/li>\n<li>Tend\u00eancias em evolu\u00e7\u00e3o de Internet e redes m\u00f3veis; uso inteligente de redes sociais; riscos e seguran\u00e7a no uso de redes: estudos, divulga\u00e7\u00e3o, apoio e promo\u00e7\u00e3o de a\u00e7\u00f5es;<\/li>\n<li>Desenvolvimento tecnol\u00f3gico, inova\u00e7\u00e3o e apropria\u00e7\u00e3o: identifica\u00e7\u00e3o, mobiliza\u00e7\u00e3o e divulga\u00e7\u00e3o de recursos e de oportunidades; integra\u00e7\u00e3o de esfor\u00e7os; acelera\u00e7\u00e3o da apropria\u00e7\u00e3o de resultados;<\/li>\n<li>Ao redor desses, estamos tomando conhecimento e atentos a outros objetivos, como oportunidades junto a projetos militares e quest\u00f5es de transfer\u00eancia de tecnologia.<\/li>\n<\/ul>\n<\/div><\/section><br \/>\n<div style='height:30px' class='hr hr-invisible '><span class='hr-inner ' ><span class='hr-inner-style'><\/span><\/span><\/div><br \/>\n<div class='avia-button-wrap avia-button-left '><a href='http:\/\/abtelecom.org.br\/site\/wp-content\/uploads\/2017\/03\/estatuto_ABtelecom.pdf' class='avia-button av-icon-on-hover avia-icon_select-yes-right-icon avia-color-theme-color avia-size-large avia-position-left '   ><span class='avia_iconbox_title' >ACESSE NOSSO ESTATUTO SOCIAL<\/span><span class='avia_button_icon avia_button_icon_right' aria-hidden='true' data-av_icon='\ue879' data-av_iconfont='entypo-fontello'><\/span><\/a><\/div><\/p><\/div>\n<\/div><\/div><\/div><!-- close content main div --><\/div><\/div><div id='after_section_1' class='main_color av_default_container_wrap container_wrap sidebar_right'   ><div class='container' ><div class='template-page content  av-content-small alpha units'><div class='post-entry post-entry-type-page post-entry-515'><div class='entry-content-wrapper clearfix'>\n<\/div><\/div><\/div><!-- close content main div --><\/div><\/div><div id='av_section_2' class='avia-section alternate_color avia-section-huge avia-no-border-styling avia-full-stretch av-section-color-overlay-active avia-bg-style-fixed  container_wrap sidebar_right' style = 'background-repeat: no-repeat; background-image: url(https:\/\/abtelecom.org.br\/site\/wp-content\/uploads\/2017\/03\/slider_1920x1080_010.jpg); background-attachment: fixed; background-position: center center; ' data-section-bg-repeat='stretch' ><div class='av-section-color-overlay-wrap'><div class='av-section-color-overlay' style='opacity: 0.8; background-color: #000000; '><\/div><div class='container' ><div class='template-page content  av-content-small alpha units'><div class='post-entry post-entry-type-page post-entry-515'><div class='entry-content-wrapper clearfix'>\n<div class=\"flex_column av_one_fifth  flex_column_div av-zero-column-padding first  \" style='border-radius:0px; '><\/div><div class=\"flex_column av_three_fifth  flex_column_div av-zero-column-padding   \" style='border-radius:0px; '><div style='padding-bottom:20px;font-size:50px;' class='av-special-heading av-special-heading-h1  blockquote modern-quote modern-centered  av-thin-font av-inherit-size'><h1 class='av-special-heading-tag'  itemprop=\"headline\"  >Presidentes da ABTELECOM <strong>(1947 &#8211; 2025).<\/strong><\/h1><div class='special-heading-border'><div class='special-heading-inner-border' ><\/div><\/div><\/div><\/div><div class=\"flex_column av_one_fifth  flex_column_div av-zero-column-padding   \" style='border-radius:0px; '><\/div><div class=\"flex_column av_one_fourth  flex_column_div av-zero-column-padding first  \" style='border-radius:0px; '><\/div><div class=\"flex_column av_one_fourth  flex_column_div av-zero-column-padding   \" style='border-radius:0px; '><section class=\"av_textblock_section\"  itemscope=\"itemscope\" itemtype=\"https:\/\/schema.org\/CreativeWork\" ><div class='avia_textblock '   itemprop=\"text\" ><p>01. Cel.Lauro A. de Medeiros<br \/>\n02. Paulo Kruger Cunha Cruz<br \/>\n03. P.R.Castanheira<br \/>\n04. Gilberto Afonso Pena<br \/>\n05. Almirante Paulo Nogueira Penido<br \/>\n06. Fernando Tude de Souza<br \/>\n07. Cel.Malvino Reis Neto<br \/>\n08. Walter W.Heinninger<br \/>\n09. Gen. Hugo Antonio Pradal<br \/>\n10. Jos\u00e9 Ant\u00f4nio Lembgruber Emerick<br \/>\n11. Alm.Henry British Lins de Barros<\/p>\n<\/div><\/section><\/div><div class=\"flex_column av_one_fourth  flex_column_div av-zero-column-padding   \" style='border-radius:0px; '><section class=\"av_textblock_section\"  itemscope=\"itemscope\" itemtype=\"https:\/\/schema.org\/CreativeWork\" ><div class='avia_textblock '   itemprop=\"text\" ><p>12. Cel.Eduardo Souza Gois<br \/>\n13. R\u00f4mulo Villar Furtado (interino)<br \/>\n14. Roman Skowronski<br \/>\n15. Geraldo N\u00f3brega<br \/>\n16. Amaro Lopes de Abreu Neto<br \/>\n17. Cl\u00e1udio Guilherme Grault zeig<br \/>\n18. Dep.Arolde Oliveira<br \/>\n19. Jorge Alberto Fredrich Fonseca (interino)<br \/>\n20. Salom\u00e3o Wajnberg<br \/>\n21. Roberto Aroso Cardoso<br \/>\n22. Luiz Eduardo da Rocha<\/p>\n<\/div><\/section><\/div><div class=\"flex_column av_one_fourth  flex_column_div av-zero-column-padding   \" style='border-radius:0px; '><\/div><\/div><\/div><\/div><!-- close content main div --><\/div><\/div><\/div><div id='after_section_2' class='main_color av_default_container_wrap container_wrap sidebar_right'   ><div class='container' ><div class='template-page content  av-content-small alpha units'><div class='post-entry post-entry-type-page post-entry-515'><div class='entry-content-wrapper clearfix'><\/div><\/div><\/div><!-- close content main div --><\/div><\/div><\/div><div id='missao' class='av-layout-grid-container entry-content-wrapper alternate_color av-flex-cells  container_wrap sidebar_right'   >\n<div class=\"flex_cell no_margin av_one_half   avia-full-stretch av-zero-padding \" style='vertical-align:middle; padding:0px; '><div class='flex_cell_inner' ><\/div><\/div><div class=\"flex_cell no_margin av_one_half   \" style='vertical-align:middle; padding:100px; '><div class='flex_cell_inner' ><p><div style='padding-bottom:20px;font-size:50px;' class='av-special-heading av-special-heading-h1  blockquote modern-quote   av-thin-font av-inherit-size'><h1 class='av-special-heading-tag'  itemprop=\"headline\"  >Nossa miss\u00e3o<strong>.<\/strong><\/h1><div class='special-heading-border'><div class='special-heading-inner-border' ><\/div><\/div><\/div><br \/>\n<section class=\"av_textblock_section\"  itemscope=\"itemscope\" itemtype=\"https:\/\/schema.org\/CreativeWork\" ><div class='avia_textblock '   itemprop=\"text\" ><p>A ABTelecom tem como miss\u00e3o promover a evolu\u00e7\u00e3o das Telecomunica\u00e7\u00f5es\u00a0 agindo como\u00a0 facilitador e integrador dos objetivos estrat\u00e9gicos e t\u00e1ticos dos diversos atores e tecnologias da \u00e1rea de TIC.<\/p>\n<\/div><\/section><\/p>\n<\/div><\/div>\n<\/div><\/p>\n<\/div><\/div><\/div><!-- close content main div --><\/div><\/div><div id='av_section_3' class='avia-section main_color avia-section-default avia-no-shadow avia-bg-style-scroll  container_wrap sidebar_right'   ><div class='container' ><div class='template-page content  av-content-small alpha units'><div class='post-entry post-entry-type-page post-entry-515'><div class='entry-content-wrapper clearfix'>\n<div style='padding-bottom:20px;font-size:50px;' class='av-special-heading av-special-heading-h1  blockquote modern-quote modern-centered   av-thin-font av-inherit-size'><h1 class='av-special-heading-tag'  itemprop=\"headline\"  >Torne-se um <strong>Associado ABTELECOM.<\/strong><\/h1><div class='special-heading-border'><div class='special-heading-inner-border' ><\/div><\/div><\/div>\n<div class=\"flex_column av_one_fifth  flex_column_div av-zero-column-padding first  \" style='border-radius:0px; '><\/div><div class=\"flex_column av_three_fifth  flex_column_div av-zero-column-padding   \" style='border-radius:0px; '><section class=\"av_textblock_section\"  itemscope=\"itemscope\" itemtype=\"https:\/\/schema.org\/CreativeWork\" ><div class='avia_textblock '   itemprop=\"text\" ><p><strong>VANTAGEM DE SER ASSOCIADO<\/strong><\/p>\n<p>Convidamos a sua empresa a integrar o quadro de associados da ABTELECOM e usufruir das vantagens, benef\u00edcios e oportunidades de neg\u00f3cios diversas oferecidas pelo conv\u00edvio direto com mais de 50 empresas do setor.<\/p>\n<p><strong>Al\u00e9m disso como associado sua empresa ainda ter\u00e1 direito a:<\/strong><\/p>\n<ol>\n<li>Participa\u00e7\u00e3o gratuita em palestras e apresenta\u00e7\u00f5es na sede da ABTELECOM;<\/li>\n<li>Descontos especiais em cursos presenciais e \u00e0 dist\u00e2ncia promovidos pela Associa\u00e7\u00e3o;<\/li>\n<li>Participa\u00e7\u00e3o em miss\u00f5es nacionais e internacionais de interc\u00e2mbio 70-410<br \/>\nMB2-703 de experi\u00eancias e prospec\u00e7\u00e3o de neg\u00f3cios e projetos;<\/li>\n<li>Descontos especiais na aquisi\u00e7\u00e3o de publica\u00e7\u00f5es editadas pela ABTELECOM e por entidades que apoiam o setor;<\/li>\n<li>Inclus\u00e3o no mailing lista da ABTELECOM;<\/li>\n<li>Divulga\u00e7\u00e3o de suas a\u00e7\u00f5es e resultados por meio dos canais de comunica\u00e7\u00e3o da ABTELECOM com seus p\u00fablicos de interesse;<\/li>\n<li>Representatividade em institui\u00e7\u00f5es nacionais de apoio, por meio de participa\u00e7\u00e3o da ABTELECOM em conselhos deliberativos e f\u00f3runs de debate sobre pol\u00edticas p\u00fablicas junto aos poderes Executivo e Legislativo;<\/li>\n<li>Oportunidade de contribuir com sugest\u00f5es para a formula\u00e7\u00e3o de marcos regulat\u00f3rios impactantes ao setor;<\/li>\n<li>Apoio institucional da ABTELECOM a eventos e a\u00e7\u00f5es promovidos pela sua empresa.<\/li>\n<\/ol>\n<\/div><\/section><\/div><div class=\"flex_column av_one_fifth  flex_column_div av-zero-column-padding   \" style='border-radius:0px; '><\/div>\n<\/div><\/div><\/div><!-- close content main div --><\/div><\/div><div id='after_section_3' class='main_color av_default_container_wrap container_wrap sidebar_right'   ><div class='container' ><div class='template-page content  av-content-small alpha units'><div class='post-entry post-entry-type-page post-entry-515'><div class='entry-content-wrapper clearfix'>\n<div class='avia-button-wrap avia-button-center '><a href='https:\/\/abtelecom.org.br\/site\/quero-me-associar\/' class='avia-button avia-button-fullwidth av-icon-on-hover avia-icon_select-yes-right-icon avia-color-theme-color '  target=\"_blank\"  style='color:#ffffff; ' ><span class='avia_iconbox_title' >QUERO ME ASSOCIAR A ABTELECOM<\/span><span class='avia_button_icon avia_button_icon_right' aria-hidden='true' data-av_icon='\ue879' data-av_iconfont='entypo-fontello'><\/span><span class='avia_button_background avia-button avia-button-fullwidth avia-color-green' ><\/span><\/a><\/div>\n","protected":false},"excerpt":{"rendered":"","protected":false},"author":17,"featured_media":0,"parent":0,"menu_order":0,"comment_status":"closed","ping_status":"closed","template":"","meta":{"_exactmetrics_skip_tracking":false,"_exactmetrics_sitenote_active":false,"_exactmetrics_sitenote_note":"","_exactmetrics_sitenote_category":0,"footnotes":""},"yoast_head":"<!-- This site is optimized with the Yoast SEO plugin v21.7 - https:\/\/yoast.com\/wordpress\/plugins\/seo\/ -->\n<title>AB Telecom - ABTelecom<\/title>\n<meta name=\"robots\" content=\"index, follow, max-snippet:-1, max-image-preview:large, max-video-preview:-1\" \/>\n<link rel=\"canonical\" href=\"https:\/\/abtelecom.org.br\/site\/ab-telecom\/\" \/>\n<meta property=\"og:locale\" content=\"pt_BR\" \/>\n<meta property=\"og:type\" content=\"article\" \/>\n<meta property=\"og:title\" content=\"AB Telecom - ABTelecom\" \/>\n<meta property=\"og:url\" content=\"https:\/\/abtelecom.org.br\/site\/ab-telecom\/\" \/>\n<meta property=\"og:site_name\" content=\"ABTelecom\" \/>\n<meta property=\"article:modified_time\" content=\"2025-10-22T18:05:00+00:00\" \/>\n<meta name=\"twitter:card\" content=\"summary_large_image\" \/>\n<meta name=\"twitter:label1\" content=\"Est. tempo de leitura\" \/>\n\t<meta name=\"twitter:data1\" content=\"6 minutos\" \/>\n<script type=\"application\/ld+json\" class=\"yoast-schema-graph\">{\"@context\":\"https:\/\/schema.org\",\"@graph\":[{\"@type\":\"WebPage\",\"@id\":\"https:\/\/abtelecom.org.br\/site\/ab-telecom\/\",\"url\":\"https:\/\/abtelecom.org.br\/site\/ab-telecom\/\",\"name\":\"AB Telecom - ABTelecom\",\"isPartOf\":{\"@id\":\"https:\/\/abtelecom.org.br\/site\/#website\"},\"datePublished\":\"2016-05-11T16:49:10+00:00\",\"dateModified\":\"2025-10-22T18:05:00+00:00\",\"breadcrumb\":{\"@id\":\"https:\/\/abtelecom.org.br\/site\/ab-telecom\/#breadcrumb\"},\"inLanguage\":\"pt-BR\",\"potentialAction\":[{\"@type\":\"ReadAction\",\"target\":[\"https:\/\/abtelecom.org.br\/site\/ab-telecom\/\"]}]},{\"@type\":\"BreadcrumbList\",\"@id\":\"https:\/\/abtelecom.org.br\/site\/ab-telecom\/#breadcrumb\",\"itemListElement\":[{\"@type\":\"ListItem\",\"position\":1,\"name\":\"In\u00edcio\",\"item\":\"https:\/\/abtelecom.org.br\/site\/\"},{\"@type\":\"ListItem\",\"position\":2,\"name\":\"AB Telecom\"}]},{\"@type\":\"WebSite\",\"@id\":\"https:\/\/abtelecom.org.br\/site\/#website\",\"url\":\"https:\/\/abtelecom.org.br\/site\/\",\"name\":\"ABTelecom\",\"description\":\"Associa\u00e7\u00e3o Brasileira de Telecomunica\u00e7\u00f5es\",\"potentialAction\":[{\"@type\":\"SearchAction\",\"target\":{\"@type\":\"EntryPoint\",\"urlTemplate\":\"https:\/\/abtelecom.org.br\/site\/?s={search_term_string}\"},\"query-input\":\"required name=search_term_string\"}],\"inLanguage\":\"pt-BR\"}]}<\/script>\n<!-- \/ Yoast SEO plugin. -->","yoast_head_json":{"title":"AB Telecom - ABTelecom","robots":{"index":"index","follow":"follow","max-snippet":"max-snippet:-1","max-image-preview":"max-image-preview:large","max-video-preview":"max-video-preview:-1"},"canonical":"https:\/\/abtelecom.org.br\/site\/ab-telecom\/","og_locale":"pt_BR","og_type":"article","og_title":"AB Telecom - ABTelecom","og_url":"https:\/\/abtelecom.org.br\/site\/ab-telecom\/","og_site_name":"ABTelecom","article_modified_time":"2025-10-22T18:05:00+00:00","twitter_card":"summary_large_image","twitter_misc":{"Est. tempo de leitura":"6 minutos"},"schema":{"@context":"https:\/\/schema.org","@graph":[{"@type":"WebPage","@id":"https:\/\/abtelecom.org.br\/site\/ab-telecom\/","url":"https:\/\/abtelecom.org.br\/site\/ab-telecom\/","name":"AB Telecom - ABTelecom","isPartOf":{"@id":"https:\/\/abtelecom.org.br\/site\/#website"},"datePublished":"2016-05-11T16:49:10+00:00","dateModified":"2025-10-22T18:05:00+00:00","breadcrumb":{"@id":"https:\/\/abtelecom.org.br\/site\/ab-telecom\/#breadcrumb"},"inLanguage":"pt-BR","potentialAction":[{"@type":"ReadAction","target":["https:\/\/abtelecom.org.br\/site\/ab-telecom\/"]}]},{"@type":"BreadcrumbList","@id":"https:\/\/abtelecom.org.br\/site\/ab-telecom\/#breadcrumb","itemListElement":[{"@type":"ListItem","position":1,"name":"In\u00edcio","item":"https:\/\/abtelecom.org.br\/site\/"},{"@type":"ListItem","position":2,"name":"AB Telecom"}]},{"@type":"WebSite","@id":"https:\/\/abtelecom.org.br\/site\/#website","url":"https:\/\/abtelecom.org.br\/site\/","name":"ABTelecom","description":"Associa\u00e7\u00e3o Brasileira de Telecomunica\u00e7\u00f5es","potentialAction":[{"@type":"SearchAction","target":{"@type":"EntryPoint","urlTemplate":"https:\/\/abtelecom.org.br\/site\/?s={search_term_string}"},"query-input":"required name=search_term_string"}],"inLanguage":"pt-BR"}]}},"_links":{"self":[{"href":"https:\/\/abtelecom.org.br\/site\/wp-json\/wp\/v2\/pages\/515"}],"collection":[{"href":"https:\/\/abtelecom.org.br\/site\/wp-json\/wp\/v2\/pages"}],"about":[{"href":"https:\/\/abtelecom.org.br\/site\/wp-json\/wp\/v2\/types\/page"}],"author":[{"embeddable":true,"href":"https:\/\/abtelecom.org.br\/site\/wp-json\/wp\/v2\/users\/17"}],"replies":[{"embeddable":true,"href":"https:\/\/abtelecom.org.br\/site\/wp-json\/wp\/v2\/comments?post=515"}],"version-history":[{"count":1,"href":"https:\/\/abtelecom.org.br\/site\/wp-json\/wp\/v2\/pages\/515\/revisions"}],"predecessor-version":[{"id":2890,"href":"https:\/\/abtelecom.org.br\/site\/wp-json\/wp\/v2\/pages\/515\/revisions\/2890"}],"wp:attachment":[{"href":"https:\/\/abtelecom.org.br\/site\/wp-json\/wp\/v2\/media?parent=515"}],"curies":[{"name":"wp","href":"https:\/\/api.w.org\/{rel}","templated":true}]}}