{"id":517,"date":"2016-05-11T13:50:04","date_gmt":"2016-05-11T16:50:04","guid":{"rendered":"http:\/\/wpoffice\/enfold-fitness\/?page_id=517"},"modified":"2025-10-22T12:11:41","modified_gmt":"2025-10-22T15:11:41","slug":"diretoria","status":"publish","type":"page","link":"https:\/\/abtelecom.org.br\/site\/diretoria\/","title":{"rendered":"Diretoria"},"content":{"rendered":"<\/div><\/div><\/div><!-- close content main div --><\/div><\/div><div id='av_section_1' class='avia-section main_color avia-section-large avia-no-border-styling avia-bg-style-scroll  container_wrap sidebar_right'   ><div class='container' ><div class='template-page content  av-content-small alpha units'><div class='post-entry post-entry-type-page post-entry-517'><div class='entry-content-wrapper clearfix'>\n<div style='padding-bottom:30px;font-size:70px;' class='av-special-heading av-special-heading-h1  blockquote modern-quote   av-thin-font av-inherit-size'><h1 class='av-special-heading-tag'  itemprop=\"headline\"  >Nossa diretoria<strong>.<\/strong><\/h1><div class='special-heading-border'><div class='special-heading-inner-border' ><\/div><\/div><\/div>\n<div class=\"flex_column av_one_half  flex_column_div av-zero-column-padding first  \" style='border-radius:0px; '><section class=\"av_textblock_section\"  itemscope=\"itemscope\" itemtype=\"https:\/\/schema.org\/CreativeWork\" ><div class='avia_textblock '   itemprop=\"text\" ><p>Conhe\u00e7a o time de diretores do tri\u00eanio 2021-2024.<\/p>\n<\/div><\/section><\/div><div class=\"flex_column av_one_fourth  flex_column_div av-zero-column-padding   \" style='border-radius:0px; '><\/div><div class=\"flex_column av_one_fourth  flex_column_div av-zero-column-padding   \" style='border-radius:0px; '><\/div>\n<\/div><\/div><\/div><!-- close content main div --><\/div><\/div><div id='after_section_1' class='main_color av_default_container_wrap container_wrap sidebar_right'   ><div class='container' ><div class='template-page content  av-content-small alpha units'><div class='post-entry post-entry-type-page post-entry-517'><div class='entry-content-wrapper clearfix'>\n<\/div><\/div><\/div><!-- close content main div --><\/div><\/div><div id='av-layout-grid-1' class='av-layout-grid-container entry-content-wrapper alternate_color av-flex-cells  container_wrap sidebar_right'   >\n<div class=\"flex_cell no_margin av_one_third   avia-full-stretch \" style='background-image:url(https:\/\/abtelecom.org.br\/site\/wp-content\/uploads\/2020\/10\/luiz-roch-abtelecom-new2-287x300.jpg); background-position:center left; background-repeat:no-repeat; background-attachment:scroll; vertical-align:middle; padding:180px 60px 180px 60px ; '><div class='flex_cell_inner' ><\/div><\/div><div class=\"flex_cell no_margin av_one_third   \" style='vertical-align:middle; padding:60px; '><div class='flex_cell_inner' ><div style='padding-bottom:10px;font-size:30px;' class='av-special-heading av-special-heading-h3  blockquote modern-quote   av-inherit-size'><h3 class='av-special-heading-tag'  itemprop=\"headline\"  >Luiz Eduardo Rocha<\/h3><div class ='av-subheading av-subheading_below ' style='font-size:15px;'><p>Presidente da Diretoria Executiva<\/p>\n<\/div><div class='special-heading-border'><div class='special-heading-inner-border' ><\/div><\/div><\/div>\n<\/div><\/div><div class=\"flex_cell no_margin av_one_third   \" style='vertical-align:middle; padding:60px; background-color:#f7f7f7; '><div class='flex_cell_inner' ><\/div><\/div>\n<\/div>\n<\/div><\/div><\/div><!-- close content main div --><\/div><\/div><div id='av-layout-grid-2' class='av-layout-grid-container entry-content-wrapper main_color av-flex-cells  container_wrap sidebar_right'   >\n<div class=\"flex_cell no_margin av_one_third   avia-full-stretch \" style='background-image:url(https:\/\/abtelecom.org.br\/site\/wp-content\/uploads\/2021\/06\/fernando-beiriz-300x257.jpg); background-position:center right; background-repeat:no-repeat; background-attachment:scroll; vertical-align:middle; padding:180px 60px 180px 60px ; '><div class='flex_cell_inner' ><\/div><\/div><div class=\"flex_cell no_margin av_one_third   \" style='vertical-align:middle; padding:60px; '><div class='flex_cell_inner' ><div style='padding-bottom:10px;font-size:30px;' class='av-special-heading av-special-heading-h3  blockquote modern-quote  av-inherit-size'><h3 class='av-special-heading-tag'  itemprop=\"headline\"  >Fernando Beiriz<\/h3><div class ='av-subheading av-subheading_below ' style='font-size:15px;'><p>Diretor Administrativo<\/p>\n<\/div><div class='special-heading-border'><div class='special-heading-inner-border' ><\/div><\/div><\/div>\n<\/div><\/div><div class=\"flex_cell no_margin av_one_third   \" style='vertical-align:middle; padding:60px; background-color:#0a0a0a; '><div class='flex_cell_inner' ><\/div><\/div>\n<\/div>\n<\/div><\/div><\/div><!-- close content main div --><\/div><\/div><div id='av-layout-grid-3' class='av-layout-grid-container entry-content-wrapper alternate_color av-flex-cells  container_wrap sidebar_right'   >\n<div class=\"flex_cell no_margin av_one_third   avia-full-stretch \" style='background-image:url(https:\/\/abtelecom.org.br\/site\/wp-content\/uploads\/2024\/06\/jose-alexandro-acha.jpeg); background-position:center left; background-repeat:no-repeat; background-attachment:scroll; vertical-align:middle; padding:180px 60px 180px 60px ; '><div class='flex_cell_inner' ><\/div><\/div><div class=\"flex_cell no_margin av_one_third   \" style='vertical-align:middle; padding:60px; '><div class='flex_cell_inner' ><div style='padding-bottom:10px;font-size:30px;' class='av-special-heading av-special-heading-h3  blockquote modern-quote  av-inherit-size'><h3 class='av-special-heading-tag'  itemprop=\"headline\"  >Jos\u00e9 Alexandro Acha<\/h3><div class ='av-subheading av-subheading_below ' style='font-size:15px;'><p>Diretor de Projetos<\/p>\n<\/div><div class='special-heading-border'><div class='special-heading-inner-border' ><\/div><\/div><\/div>\n<\/div><\/div><div class=\"flex_cell no_margin av_one_third   \" style='vertical-align:middle; padding:60px; background-color:#f7f7f7; '><div class='flex_cell_inner' ><\/div><\/div>\n<\/div>\n<\/div><\/div><\/div><!-- close content main div --><\/div><\/div><div id='av-layout-grid-4' class='av-layout-grid-container entry-content-wrapper main_color av-flex-cells  container_wrap sidebar_right'   >\n<div class=\"flex_cell no_margin av_one_third   avia-full-stretch \" style='background-image:url(https:\/\/abtelecom.org.br\/site\/wp-content\/uploads\/2016\/05\/modelo-diretores-700x600-Claudio-Mantovaneli.jpg); background-position:center right; background-repeat:no-repeat; background-attachment:scroll; vertical-align:middle; padding:180px 60px 180px 60px ; '><div class='flex_cell_inner' ><\/div><\/div><div class=\"flex_cell no_margin av_one_third   \" style='vertical-align:middle; padding:60px; '><div class='flex_cell_inner' ><div style='padding-bottom:10px;font-size:30px;' class='av-special-heading av-special-heading-h3  blockquote modern-quote   av-inherit-size'><h3 class='av-special-heading-tag'  itemprop=\"headline\"  >Claudio Mantovaneli <\/h3><div class ='av-subheading av-subheading_below ' style='font-size:15px;'><p>Diretor Financeiro<\/p>\n<\/div><div class='special-heading-border'><div class='special-heading-inner-border' ><\/div><\/div><\/div>\n<\/div><\/div><div class=\"flex_cell no_margin av_one_third   \" style='vertical-align:middle; padding:60px; background-color:#292929; '><div class='flex_cell_inner' ><\/div><\/div>\n<\/div>\n<\/div><\/div><\/div><!-- close content main div --><\/div><\/div><div id='av-layout-grid-5' class='av-layout-grid-container entry-content-wrapper main_color av-flex-cells  container_wrap sidebar_right'   >\n<div class=\"flex_cell no_margin av_one_third   avia-full-stretch \" style='background-image:url(https:\/\/abtelecom.org.br\/site\/wp-content\/uploads\/2021\/06\/alvaro-albuquerque-300x257.jpg); background-position:center right; background-repeat:no-repeat; background-attachment:scroll; vertical-align:middle; padding:180px 60px 180px 60px ; '><div class='flex_cell_inner' ><\/div><\/div><div class=\"flex_cell no_margin av_one_third   \" style='vertical-align:middle; padding:60px; '><div class='flex_cell_inner' ><div style='padding-bottom:10px;font-size:30px;' class='av-special-heading av-special-heading-h3  blockquote modern-quote  av-inherit-size'><h3 class='av-special-heading-tag'  itemprop=\"headline\"  >Alvaro Albuquerque<\/h3><div class ='av-subheading av-subheading_below ' style='font-size:15px;'><p>Diretor de Rela\u00e7\u00f5es Internacionais<\/p>\n<\/div><div class='special-heading-border'><div class='special-heading-inner-border' ><\/div><\/div><\/div>\n<\/div><\/div><div class=\"flex_cell no_margin av_one_third   \" style='vertical-align:middle; padding:60px; background-color:#0a0a0a; '><div class='flex_cell_inner' ><\/div><\/div>\n<\/div>\n<\/div><\/div><\/div><!-- close content main div --><\/div><\/div><div id='av-layout-grid-6' class='av-layout-grid-container entry-content-wrapper main_color av-flex-cells  container_wrap sidebar_right'   >\n<div class=\"flex_cell no_margin av_one_third   avia-full-stretch \" style='background-image:url(https:\/\/abtelecom.org.br\/site\/wp-content\/uploads\/2021\/06\/PAULO-SERGIO-GALVaO-300x257.jpg); background-position:center right; background-repeat:no-repeat; background-attachment:scroll; vertical-align:middle; padding:180px 60px 180px 60px ; '><div class='flex_cell_inner' ><\/div><\/div><div class=\"flex_cell no_margin av_one_third   \" style='vertical-align:middle; padding:60px; '><div class='flex_cell_inner' ><div style='padding-bottom:10px;font-size:30px;' class='av-special-heading av-special-heading-h3  blockquote modern-quote  av-inherit-size'><h3 class='av-special-heading-tag'  itemprop=\"headline\"  >PAULO SERGIO GALV\u00c3O <\/h3><div class ='av-subheading av-subheading_below ' style='font-size:15px;'><p>Diretor de Planejamento<\/p>\n<\/div><div class='special-heading-border'><div class='special-heading-inner-border' ><\/div><\/div><\/div>\n<\/div><\/div><div class=\"flex_cell no_margin av_one_third   \" style='vertical-align:middle; padding:60px; background-color:#0a0a0a; '><div class='flex_cell_inner' ><\/div><\/div>\n<\/div>\n<\/div><\/div><\/div><!-- close content main div --><\/div><\/div><div id='av-layout-grid-7' class='av-layout-grid-container entry-content-wrapper main_color av-flex-cells  container_wrap sidebar_right'   >\n<div class=\"flex_cell no_margin av_one_third   avia-full-stretch \" style='background-image:url(https:\/\/abtelecom.org.br\/site\/wp-content\/uploads\/2016\/05\/RogerioMoreiraLimaESilva.jpg); background-position:center right; background-repeat:no-repeat; background-attachment:scroll; vertical-align:middle; padding:180px 60px 180px 60px ; '><div class='flex_cell_inner' ><\/div><\/div><div class=\"flex_cell no_margin av_one_third   \" style='vertical-align:middle; padding:60px; '><div class='flex_cell_inner' ><div style='padding-bottom:10px;font-size:30px;' class='av-special-heading av-special-heading-h3  blockquote modern-quote  av-inherit-size'><h3 class='av-special-heading-tag'  itemprop=\"headline\"  >Rogerio Moreira Lima Silva<\/h3><div class ='av-subheading av-subheading_below ' style='font-size:15px;'><p>Diretor Estadual &#8211; Maranh\u00e3o<br \/>\nDiretor de Inova\u00e7\u00e3o<\/p>\n<\/div><div class='special-heading-border'><div class='special-heading-inner-border' ><\/div><\/div><\/div>\n<\/div><\/div><div class=\"flex_cell no_margin av_one_third   \" style='vertical-align:middle; padding:60px; background-color:#0a0a0a; '><div class='flex_cell_inner' ><\/div><\/div><\/div><\/div><\/div><\/div><!-- close content main div --><\/div><\/div><div id='av-layout-grid-8' class='av-layout-grid-container entry-content-wrapper alternate_color av-flex-cells  container_wrap sidebar_right'   >\n<div class=\"flex_cell no_margin av_one_third   avia-full-stretch \" style='background-image:url(https:\/\/abtelecom.org.br\/site\/wp-content\/uploads\/2016\/05\/modelo-diretores-700x600-AntonioLeandro.jpg); background-position:center left; background-repeat:no-repeat; background-attachment:scroll; vertical-align:middle; padding:180px 60px 180px 60px ; '><div class='flex_cell_inner' ><\/div><\/div><div class=\"flex_cell no_margin av_one_third   \" style='vertical-align:middle; padding:60px; '><div class='flex_cell_inner' ><div style='padding-bottom:10px;font-size:30px;' class='av-special-heading av-special-heading-h3  blockquote modern-quote   av-inherit-size'><h3 class='av-special-heading-tag'  itemprop=\"headline\"  >Ant\u00f4nio Leandro<\/h3><div class ='av-subheading av-subheading_below ' style='font-size:15px;'><p>Diretor Internacional em Portugal<\/p>\n<\/div><div class='special-heading-border'><div class='special-heading-inner-border' ><\/div><\/div><\/div>\n<\/div><\/div><div class=\"flex_cell no_margin av_one_third   \" style='vertical-align:middle; padding:60px; background-color:#ffffff; '><div class='flex_cell_inner' ><\/div><\/div>\n<\/div><\/p>\n<\/div><\/div><\/div><!-- close content main div --><\/div><\/div><div id='av-layout-grid-9' class='av-layout-grid-container entry-content-wrapper main_color av-flex-cells  container_wrap sidebar_right'   >\n<div class=\"flex_cell no_margin av_one_third   avia-full-stretch \" style='background-image:url(https:\/\/abtelecom.org.br\/site\/wp-content\/uploads\/2024\/08\/WhatsApp-Image-2024-08-14-at-15.30.44.jpeg); background-position:center right; background-repeat:no-repeat; background-attachment:scroll; vertical-align:middle; padding:180px 60px 180px 60px ; '><div class='flex_cell_inner' ><\/div><\/div><div class=\"flex_cell no_margin av_one_third   \" style='vertical-align:middle; padding:60px; '><div class='flex_cell_inner' ><div style='padding-bottom:10px;font-size:30px;' class='av-special-heading av-special-heading-h3  blockquote modern-quote   av-inherit-size'><h3 class='av-special-heading-tag'  itemprop=\"headline\"  >Jo\u00e3o Paes de Carvalho<\/h3><div class ='av-subheading av-subheading_below ' style='font-size:15px;'><p>Diretor de Rela\u00e7\u00f5es Institucionais<\/p>\n<\/div><div class='special-heading-border'><div class='special-heading-inner-border' ><\/div><\/div><\/div>\n<\/div><\/div><div class=\"flex_cell no_margin av_one_third   \" style='vertical-align:middle; padding:60px; background-color:#0a0a0a; '><div class='flex_cell_inner' ><\/div><\/div>\n<\/div>\n<\/div><\/div><\/div><!-- close content main div --><\/div><\/div><div id='av-layout-grid-10' class='av-layout-grid-container entry-content-wrapper alternate_color av-flex-cells  container_wrap sidebar_right'   >\n<div class=\"flex_cell no_margin av_one_third   avia-full-stretch \" style='background-image:url(https:\/\/abtelecom.org.br\/site\/wp-content\/uploads\/2021\/06\/paulo-rego-300x257.jpg); background-position:center left; background-repeat:no-repeat; background-attachment:scroll; vertical-align:middle; padding:180px 60px 180px 60px ; '><div class='flex_cell_inner' ><\/div><\/div><div class=\"flex_cell no_margin av_one_third   \" style='vertical-align:middle; padding:60px; '><div class='flex_cell_inner' ><div style='padding-bottom:10px;font-size:30px;' class='av-special-heading av-special-heading-h3  blockquote modern-quote   av-inherit-size'><h3 class='av-special-heading-tag'  itemprop=\"headline\"  >PAULO DE ARAUJO R\u00caGO <\/h3><div class ='av-subheading av-subheading_below ' style='font-size:15px;'><p>Conselheiro<\/p>\n<\/div><div class='special-heading-border'><div class='special-heading-inner-border' ><\/div><\/div><\/div>\n<\/div><\/div><div class=\"flex_cell no_margin av_one_third   \" style='vertical-align:middle; padding:60px; background-color:#ffffff; '><div class='flex_cell_inner' ><\/div><\/div>\n<\/div>\n<\/div><\/div><\/div><!-- close content main div --><\/div><\/div><div id='av-layout-grid-11' class='av-layout-grid-container entry-content-wrapper main_color av-flex-cells  container_wrap sidebar_right'   >\n<div class=\"flex_cell no_margin av_one_third   avia-full-stretch \" style='background-image:url(https:\/\/abtelecom.org.br\/site\/wp-content\/uploads\/2021\/06\/manoel-300x257.jpg); background-position:center right; background-repeat:no-repeat; background-attachment:scroll; vertical-align:middle; padding:180px 60px 180px 60px ; '><div class='flex_cell_inner' ><\/div><\/div><div class=\"flex_cell no_margin av_one_third   \" style='vertical-align:middle; padding:60px; '><div class='flex_cell_inner' ><div style='padding-bottom:10px;font-size:30px;' class='av-special-heading av-special-heading-h3  blockquote modern-quote   av-inherit-size'><h3 class='av-special-heading-tag'  itemprop=\"headline\"  >MANOEL INDIANO DA FONSECA <\/h3><div class ='av-subheading av-subheading_below ' style='font-size:15px;'><p>Conselheiro<\/p>\n<\/div><div class='special-heading-border'><div class='special-heading-inner-border' ><\/div><\/div><\/div>\n<\/div><\/div><div class=\"flex_cell no_margin av_one_third   \" style='vertical-align:middle; padding:60px; background-color:#0a0a0a; '><div class='flex_cell_inner' ><\/div><\/div>\n<\/div>\n<\/div><\/div><\/div><!-- close content main div --><\/div><\/div><div id='av-layout-grid-12' class='av-layout-grid-container entry-content-wrapper main_color av-flex-cells  container_wrap sidebar_right'   >\n<div class=\"flex_cell no_margin av_one_third   avia-full-stretch \" style='background-image:url(https:\/\/abtelecom.org.br\/site\/wp-content\/uploads\/2021\/06\/raul-cocher-abtelecom-300x257.jpg); background-position:center right; background-repeat:no-repeat; background-attachment:scroll; vertical-align:middle; padding:180px 60px 180px 60px ; '><div class='flex_cell_inner' ><\/div><\/div><div class=\"flex_cell no_margin av_one_third   \" style='vertical-align:middle; padding:60px; '><div class='flex_cell_inner' ><div style='padding-bottom:10px;font-size:30px;' class='av-special-heading av-special-heading-h3  blockquote modern-quote  av-inherit-size'><h3 class='av-special-heading-tag'  itemprop=\"headline\"  >RAUL COLCHER <\/h3><div class ='av-subheading av-subheading_below ' style='font-size:15px;'><p>Conselheiro<\/p>\n<\/div><div class='special-heading-border'><div class='special-heading-inner-border' ><\/div><\/div><\/div>\n<\/div><\/div><div class=\"flex_cell no_margin av_one_third   \" style='vertical-align:middle; padding:60px; background-color:#0a0a0a; '><div class='flex_cell_inner' ><\/div><\/div>\n<\/div>\n<\/div><\/div><\/div><!-- close content main div --><\/div><\/div><div id='av-layout-grid-13' class='av-layout-grid-container entry-content-wrapper main_color av-flex-cells  container_wrap sidebar_right'   >\n<div class=\"flex_cell no_margin av_one_third   avia-full-stretch \" style='background-image:url(https:\/\/abtelecom.org.br\/site\/wp-content\/uploads\/2021\/06\/JOSE-CARLOS-TORRES-DE-ARAGAO-300x257.jpg); background-position:center right; background-repeat:no-repeat; background-attachment:scroll; vertical-align:middle; padding:180px 60px 180px 60px ; '><div class='flex_cell_inner' ><\/div><\/div><div class=\"flex_cell no_margin av_one_third   \" style='vertical-align:middle; padding:60px; '><div class='flex_cell_inner' ><div style='padding-bottom:10px;font-size:30px;' class='av-special-heading av-special-heading-h3  blockquote modern-quote  av-inherit-size'><h3 class='av-special-heading-tag'  itemprop=\"headline\"  >JOS\u00c9 CARLOS TORRES DE ARAG\u00c3O <\/h3><div class ='av-subheading av-subheading_below ' style='font-size:15px;'><p>Suplente<\/p>\n<\/div><div class='special-heading-border'><div class='special-heading-inner-border' ><\/div><\/div><\/div>\n<\/div><\/div><div class=\"flex_cell no_margin av_one_third   \" style='vertical-align:middle; padding:60px; background-color:#0a0a0a; '><div class='flex_cell_inner' ><\/div><\/div>\n<\/div>\n<\/div><\/div><\/div><!-- close content main div --><\/div><\/div><div id='av-layout-grid-14' class='av-layout-grid-container entry-content-wrapper main_color av-flex-cells  container_wrap sidebar_right'   >\n<div class=\"flex_cell no_margin av_one_third   avia-full-stretch \" style='background-image:url(https:\/\/abtelecom.org.br\/site\/wp-content\/uploads\/2021\/06\/luiz-alberto-wanderley-300x257.jpg); background-position:center right; background-repeat:no-repeat; background-attachment:scroll; vertical-align:middle; padding:180px 60px 180px 60px ; '><div class='flex_cell_inner' ><\/div><\/div><div class=\"flex_cell no_margin av_one_third   \" style='vertical-align:middle; padding:60px; '><div class='flex_cell_inner' ><div style='padding-bottom:10px;font-size:30px;' class='av-special-heading av-special-heading-h3  blockquote modern-quote  av-inherit-size'><h3 class='av-special-heading-tag'  itemprop=\"headline\"  >LUIZ ALBERTO WANDERLEY <\/h3><div class ='av-subheading av-subheading_below ' style='font-size:15px;'><p>Suplente<\/p>\n<\/div><div class='special-heading-border'><div class='special-heading-inner-border' ><\/div><\/div><\/div>\n<\/div><\/div><div class=\"flex_cell no_margin av_one_third   \" style='vertical-align:middle; padding:60px; background-color:#0a0a0a; '><div class='flex_cell_inner' ><\/div><\/div>\n<\/div>\n","protected":false},"excerpt":{"rendered":"","protected":false},"author":17,"featured_media":0,"parent":0,"menu_order":0,"comment_status":"closed","ping_status":"closed","template":"","meta":{"_exactmetrics_skip_tracking":false,"_exactmetrics_sitenote_active":false,"_exactmetrics_sitenote_note":"","_exactmetrics_sitenote_category":0,"footnotes":""},"yoast_head":"<!-- This site is optimized with the Yoast SEO plugin v21.7 - https:\/\/yoast.com\/wordpress\/plugins\/seo\/ -->\n<title>Diretoria - ABTelecom<\/title>\n<meta name=\"robots\" content=\"index, follow, max-snippet:-1, max-image-preview:large, max-video-preview:-1\" \/>\n<link rel=\"canonical\" href=\"https:\/\/abtelecom.org.br\/site\/diretoria\/\" \/>\n<meta property=\"og:locale\" content=\"pt_BR\" \/>\n<meta property=\"og:type\" content=\"article\" \/>\n<meta property=\"og:title\" content=\"Diretoria - ABTelecom\" \/>\n<meta property=\"og:url\" content=\"https:\/\/abtelecom.org.br\/site\/diretoria\/\" \/>\n<meta property=\"og:site_name\" content=\"ABTelecom\" \/>\n<meta property=\"article:modified_time\" content=\"2025-10-22T15:11:41+00:00\" \/>\n<meta name=\"twitter:card\" content=\"summary_large_image\" \/>\n<meta name=\"twitter:label1\" content=\"Est. tempo de leitura\" \/>\n\t<meta name=\"twitter:data1\" content=\"6 minutos\" \/>\n<script type=\"application\/ld+json\" class=\"yoast-schema-graph\">{\"@context\":\"https:\/\/schema.org\",\"@graph\":[{\"@type\":\"WebPage\",\"@id\":\"https:\/\/abtelecom.org.br\/site\/diretoria\/\",\"url\":\"https:\/\/abtelecom.org.br\/site\/diretoria\/\",\"name\":\"Diretoria - ABTelecom\",\"isPartOf\":{\"@id\":\"https:\/\/abtelecom.org.br\/site\/#website\"},\"datePublished\":\"2016-05-11T16:50:04+00:00\",\"dateModified\":\"2025-10-22T15:11:41+00:00\",\"breadcrumb\":{\"@id\":\"https:\/\/abtelecom.org.br\/site\/diretoria\/#breadcrumb\"},\"inLanguage\":\"pt-BR\",\"potentialAction\":[{\"@type\":\"ReadAction\",\"target\":[\"https:\/\/abtelecom.org.br\/site\/diretoria\/\"]}]},{\"@type\":\"BreadcrumbList\",\"@id\":\"https:\/\/abtelecom.org.br\/site\/diretoria\/#breadcrumb\",\"itemListElement\":[{\"@type\":\"ListItem\",\"position\":1,\"name\":\"In\u00edcio\",\"item\":\"https:\/\/abtelecom.org.br\/site\/\"},{\"@type\":\"ListItem\",\"position\":2,\"name\":\"Diretoria\"}]},{\"@type\":\"WebSite\",\"@id\":\"https:\/\/abtelecom.org.br\/site\/#website\",\"url\":\"https:\/\/abtelecom.org.br\/site\/\",\"name\":\"ABTelecom\",\"description\":\"Associa\u00e7\u00e3o Brasileira de Telecomunica\u00e7\u00f5es\",\"potentialAction\":[{\"@type\":\"SearchAction\",\"target\":{\"@type\":\"EntryPoint\",\"urlTemplate\":\"https:\/\/abtelecom.org.br\/site\/?s={search_term_string}\"},\"query-input\":\"required name=search_term_string\"}],\"inLanguage\":\"pt-BR\"}]}<\/script>\n<!-- \/ Yoast SEO plugin. -->","yoast_head_json":{"title":"Diretoria - ABTelecom","robots":{"index":"index","follow":"follow","max-snippet":"max-snippet:-1","max-image-preview":"max-image-preview:large","max-video-preview":"max-video-preview:-1"},"canonical":"https:\/\/abtelecom.org.br\/site\/diretoria\/","og_locale":"pt_BR","og_type":"article","og_title":"Diretoria - ABTelecom","og_url":"https:\/\/abtelecom.org.br\/site\/diretoria\/","og_site_name":"ABTelecom","article_modified_time":"2025-10-22T15:11:41+00:00","twitter_card":"summary_large_image","twitter_misc":{"Est. tempo de leitura":"6 minutos"},"schema":{"@context":"https:\/\/schema.org","@graph":[{"@type":"WebPage","@id":"https:\/\/abtelecom.org.br\/site\/diretoria\/","url":"https:\/\/abtelecom.org.br\/site\/diretoria\/","name":"Diretoria - ABTelecom","isPartOf":{"@id":"https:\/\/abtelecom.org.br\/site\/#website"},"datePublished":"2016-05-11T16:50:04+00:00","dateModified":"2025-10-22T15:11:41+00:00","breadcrumb":{"@id":"https:\/\/abtelecom.org.br\/site\/diretoria\/#breadcrumb"},"inLanguage":"pt-BR","potentialAction":[{"@type":"ReadAction","target":["https:\/\/abtelecom.org.br\/site\/diretoria\/"]}]},{"@type":"BreadcrumbList","@id":"https:\/\/abtelecom.org.br\/site\/diretoria\/#breadcrumb","itemListElement":[{"@type":"ListItem","position":1,"name":"In\u00edcio","item":"https:\/\/abtelecom.org.br\/site\/"},{"@type":"ListItem","position":2,"name":"Diretoria"}]},{"@type":"WebSite","@id":"https:\/\/abtelecom.org.br\/site\/#website","url":"https:\/\/abtelecom.org.br\/site\/","name":"ABTelecom","description":"Associa\u00e7\u00e3o Brasileira de Telecomunica\u00e7\u00f5es","potentialAction":[{"@type":"SearchAction","target":{"@type":"EntryPoint","urlTemplate":"https:\/\/abtelecom.org.br\/site\/?s={search_term_string}"},"query-input":"required name=search_term_string"}],"inLanguage":"pt-BR"}]}},"_links":{"self":[{"href":"https:\/\/abtelecom.org.br\/site\/wp-json\/wp\/v2\/pages\/517"}],"collection":[{"href":"https:\/\/abtelecom.org.br\/site\/wp-json\/wp\/v2\/pages"}],"about":[{"href":"https:\/\/abtelecom.org.br\/site\/wp-json\/wp\/v2\/types\/page"}],"author":[{"embeddable":true,"href":"https:\/\/abtelecom.org.br\/site\/wp-json\/wp\/v2\/users\/17"}],"replies":[{"embeddable":true,"href":"https:\/\/abtelecom.org.br\/site\/wp-json\/wp\/v2\/comments?post=517"}],"version-history":[{"count":13,"href":"https:\/\/abtelecom.org.br\/site\/wp-json\/wp\/v2\/pages\/517\/revisions"}],"predecessor-version":[{"id":2889,"href":"https:\/\/abtelecom.org.br\/site\/wp-json\/wp\/v2\/pages\/517\/revisions\/2889"}],"wp:attachment":[{"href":"https:\/\/abtelecom.org.br\/site\/wp-json\/wp\/v2\/media?parent=517"}],"curies":[{"name":"wp","href":"https:\/\/api.w.org\/{rel}","templated":true}]}}