{"id":560,"date":"2016-05-11T23:25:50","date_gmt":"2016-05-12T02:25:50","guid":{"rendered":"http:\/\/test.kriesi.at\/enfold-gym\/?page_id=560"},"modified":"2025-01-25T12:24:48","modified_gmt":"2025-01-25T15:24:48","slug":"comissoes","status":"publish","type":"page","link":"https:\/\/abtelecom.org.br\/site\/comissoes\/","title":{"rendered":"Comiss\u00f5es"},"content":{"rendered":"<\/div><\/div><\/div><!-- close content main div --><\/div><\/div><div id='av_section_1' class='avia-section main_color avia-section-large avia-no-border-styling avia-bg-style-scroll  container_wrap sidebar_right'   ><div class='container' ><div class='template-page content  av-content-small alpha units'><div class='post-entry post-entry-type-page post-entry-560'><div class='entry-content-wrapper clearfix'>\n<div style='padding-bottom:30px;font-size:70px;' class='av-special-heading av-special-heading-h1  blockquote modern-quote   av-thin-font av-inherit-size'><h1 class='av-special-heading-tag'  itemprop=\"headline\"  >Comiss\u00f5es<strong>.<\/strong><\/h1><div class='special-heading-border'><div class='special-heading-inner-border' ><\/div><\/div><\/div>\n<div class=\"flex_column av_one_half  flex_column_div av-zero-column-padding first  \" style='border-radius:0px; '><section class=\"av_textblock_section\"  itemscope=\"itemscope\" itemtype=\"https:\/\/schema.org\/CreativeWork\" ><div class='avia_textblock '   itemprop=\"text\" ><p>Veja aqui nossas comiss\u00f5es especializadas, participe e descubra como podemos apoiar sua empresa e neg\u00f3cios na \u00e1rea de telecomunica\u00e7\u00f5es, por meio de apoio t\u00e9cnico, servi\u00e7os e palestras.<\/p>\n<\/div><\/section><\/div><div class=\"flex_column av_one_half  flex_column_div av-zero-column-padding   \" style='border-radius:0px; '><\/div>\n<\/div><\/div><\/div><!-- close content main div --><\/div><\/div><div id='after_section_1' class='main_color av_default_container_wrap container_wrap sidebar_right'   ><div class='container' ><div class='template-page content  av-content-small alpha units'><div class='post-entry post-entry-type-page post-entry-560'><div class='entry-content-wrapper clearfix'>\n<\/div><\/div><\/div><!-- close content main div --><\/div><\/div><div id='av-layout-grid-1' class='av-layout-grid-container entry-content-wrapper alternate_color av-flex-cells  container_wrap sidebar_right'   >\n<div class=\"flex_cell no_margin av_one_half   avia-full-stretch av-zero-padding \" style='background-image:url(https:\/\/abtelecom.org.br\/site\/wp-content\/uploads\/2017\/03\/1920x600_comiisoes_002.jpg); background-position:center left; background-repeat:no-repeat; background-attachment:scroll; vertical-align:middle; padding:0px; '><div class='flex_cell_inner' ><\/div><\/div><div class=\"flex_cell no_margin av_one_half   \" style='vertical-align:middle; padding:100px; '><div class='flex_cell_inner' ><p><div style='padding-bottom:20px;font-size:50px;' class='av-special-heading av-special-heading-h1  blockquote modern-quote   av-thin-font av-inherit-size'><h1 class='av-special-heading-tag'  itemprop=\"headline\"  >Comiss\u00e3o para Treinamento e Desenvolvimento<strong>.<\/strong><\/h1><div class='special-heading-border'><div class='special-heading-inner-border' ><\/div><\/div><\/div><br \/>\n<section class=\"av_textblock_section\"  itemscope=\"itemscope\" itemtype=\"https:\/\/schema.org\/CreativeWork\" ><div class='avia_textblock '   itemprop=\"text\" ><p>O n\u00edvel de competi\u00e7\u00e3o enfrentado pelas empresas exige aprimoramento constante de seus processos, pr\u00e1ticas e governan\u00e7a, capazes de lhes dar condi\u00e7\u00f5es de ganhar mercados. Para isso, faz-se necess\u00e1rio, ora treinar pessoal nas habilidades demandadas ou melhorar sua capacidade de resposta aos desafios encontrados, ora desenvolver novas, mais adequadas \u00e0s exig\u00eancias da disputa pela manuten\u00e7\u00e3o dos seus clientes e alcance dos n\u00e3o clientes.<\/p>\n<p>E esse \u00e9 o papel a que se prop\u00f5e a Comiss\u00e3o para Treinamento e Desenvolvimento da ABTELECOM, estruturada atrav\u00e9s da capacidade de seus integrantes, todos professores, especialistas, mestres e doutores, tamb\u00e9m profissionais das \u00e1reas envolvidas, com larga experi\u00eancia comprovada.<\/p>\n<p>A estrutura\u00e7\u00e3o dos cursos ofertados estar\u00e1 sempre baseada nessas dimens\u00f5es expostas, podendo ser realizados nos nossos locais, ou mesmo <em>in company<\/em>, quando a empresa o demandar e apresentar n\u00famero de participantes suficiente. A demanda espec\u00edfica de cursos pelas empresas tamb\u00e9m poder\u00e1 direcionar a estrutura\u00e7\u00e3o dos mesmos, inclusive quanto ao conte\u00fado program\u00e1tico.<\/p>\n<ol start=\"2\">\n<li><u>Integrantes da Comiss\u00e3o<\/u>:<\/li>\n<\/ol>\n<p>Considerando que esta comiss\u00e3o est\u00e1 contida na diretoria de planejamento, a coordena\u00e7\u00e3o geral, ser\u00e1 conduzida priorit\u00e1ria, mas n\u00e3o exclusivamente, pelo Diretor de Planejamento da ABTELECOM, Paulo Sergio de Almeida Galv\u00e3o, Mestre em Sistemas de Gest\u00e3o Integrados, pela Engenharia de Produ\u00e7\u00e3o da UFF, professor por 40 anos, nos cursos de Administra\u00e7\u00e3o, Engenharia Ambiental, Engenharia de Produ\u00e7\u00e3o e Engenharia Civil, de institui\u00e7\u00f5es p\u00fablicas e privadas, tendo inclusive coordenado v\u00e1rios MBA, em universidades como a UVA e o FUNCEFET.<\/p>\n<p>A Coordena\u00e7\u00e3o espec\u00edfica dos trabalhos desta Comiss\u00e3o de Treinamento e Desenvolvimento, cabe ao Professor Doutor J\u00falio Nichioka, h\u00e1 mais de 20 anos na UERJ, onde coordenou o curso de Engenharia da Produ\u00e7\u00e3o, foi tamb\u00e9m coordenador de v\u00e1rios MBA em diversas institui\u00e7\u00f5es e da forma\u00e7\u00e3o nas engenharias de produ\u00e7\u00e3o e ambiental em mais de cinco universidades. Auditor, pelo IBQN, Auditor no INMETRO. Com forma\u00e7\u00e3o no Instituto Juran, no Jap\u00e3o.<\/p>\n<p>Os demais integrantes s\u00e3o o Professor Doutor Ney Joppert Junior, da Unicarioca, com vasta experi\u00eancia em diversas universidades e institui\u00e7\u00f5es, h\u00e1 quase 20 anos. Com forma\u00e7\u00e3o, premia\u00e7\u00f5es e participa\u00e7\u00e3o em entidades nacionais e internacionais (EUA e Jap\u00e3o). Professor em mais de cinco universidades, nos cursos de engenharia de produ\u00e7\u00e3o e ambiental. Tamb\u00e9m com forma\u00e7\u00e3o no Instituto Juran, no Jap\u00e3o. <u>\u00a0<\/u><\/p>\n<p>O Professor Doutor Fernando Beiriz, com 40 anos de experi\u00eancia na capacita\u00e7\u00e3o em Engenharia de Telecomunica\u00e7\u00f5es, na UFF. Tamb\u00e9m voltado para as quest\u00f5es de sustentabilidade, reuso de equipamentos eletroeletr\u00f4nicos recuperados ou recuper\u00e1veis, tratamento de res\u00edduos s\u00f3lidos e sua destina\u00e7\u00e3o final e log\u00edstica reversa. O Professor Alexandro Acha, da UCP, especialista em IA, ChatGPD e Bard, todos experientes e reconhecidos em suas \u00e1reas de atividade.<\/p>\n<p>Al\u00e9m de todos os profissionais apresentados terem vasta experi\u00eancia profissional como gestores em institui\u00e7\u00f5es p\u00fablico e privadas, na medida em que forem indicados, os demais participantes ser\u00e3o apresentados de forma similar, conforme sejam estruturadas as a\u00e7\u00f5es de treinamento e desenvolvimento.<\/p>\n<ol start=\"3\">\n<li><u>Escopo da Comiss\u00e3o<\/u>:<\/li>\n<\/ol>\n<p>Caber\u00e1 a esta comiss\u00e3o, coordenar e desenvolver os trabalhos que atendam \u00e0s seguintes demandas, direta ou indiretamente:<\/p>\n<p>&#8211; Estrutura\u00e7\u00e3o de cursos de extens\u00e3o e de p\u00f3s-gradua\u00e7\u00e3o entendidos necess\u00e1rios, conforme<br \/>\nnecessidades das empresas e da ABTELECOM, inclusive origin\u00e1rias de outras comiss\u00f5es;<\/p>\n<p>&#8211; Projetos de melhoria de governan\u00e7a e desempenho organizacional;<\/p>\n<p>&#8211; Projetos espec\u00edficos para \u00e1reas t\u00e9cnicas indicadas;<\/p>\n<p>&#8211; Auditorias e avalia\u00e7\u00f5es de sistemas operacionais;<\/p>\n<p>&#8211; Estrutura\u00e7\u00e3o de Programas de Integridade e Compliance, bem como seu atendimento<br \/>\nterceirizado;<\/p>\n<p>&#8211; Outros servi\u00e7os espec\u00edficos demandados, nas \u00e1reas de conhecimento dos seus integrantes,<br \/>\nconforme descri\u00e7\u00e3o acima, inclusive servi\u00e7os de consultoria.<\/p>\n<ol start=\"4\">\n<li><u>Conclus\u00e3o<\/u>:<\/li>\n<\/ol>\n<p>Esta Comiss\u00e3o de Treinamento e Desenvolvimento se insere na nova proposta da ABTELECOM de trazer forte apoio \u00e0s inova\u00e7\u00f5es e ao processo de aprimoramento cont\u00ednuo das empresas da \u00e1rea de TIC.<\/p>\n<p>Associada \u00e0s demais comiss\u00f5es em estrutura\u00e7\u00e3o, todas integradas e em a\u00e7\u00e3o conjunta, ter\u00e3o a capacidade exigida pela entidade que pretende associar-se ao movimento de constru\u00e7\u00e3o de um pa\u00eds cada vez melhor para os seus cidad\u00e3os, mais moderno, em conformidade com os avan\u00e7os tecnol\u00f3gicos e sociais, com forte atua\u00e7\u00e3o na comunidade internacional.<\/p>\n<p>Rio de Janeiro, 23 de agosto de 2021.<\/p>\n<p>Elaborado por Paulo Sergio de Almeida Galv\u00e3o.<\/p>\n<\/div><\/section><\/p>\n<\/div><\/div><\/div>\n","protected":false},"excerpt":{"rendered":"","protected":false},"author":17,"featured_media":0,"parent":0,"menu_order":0,"comment_status":"closed","ping_status":"closed","template":"","meta":{"_exactmetrics_skip_tracking":false,"_exactmetrics_sitenote_active":false,"_exactmetrics_sitenote_note":"","_exactmetrics_sitenote_category":0,"footnotes":""},"yoast_head":"<!-- This site is optimized with the Yoast SEO plugin v21.7 - https:\/\/yoast.com\/wordpress\/plugins\/seo\/ -->\n<title>Comiss\u00f5es - ABTelecom<\/title>\n<meta name=\"robots\" content=\"index, follow, max-snippet:-1, max-image-preview:large, max-video-preview:-1\" \/>\n<link rel=\"canonical\" href=\"https:\/\/abtelecom.org.br\/site\/comissoes\/\" \/>\n<meta property=\"og:locale\" content=\"pt_BR\" \/>\n<meta property=\"og:type\" content=\"article\" \/>\n<meta property=\"og:title\" content=\"Comiss\u00f5es - ABTelecom\" \/>\n<meta property=\"og:url\" content=\"https:\/\/abtelecom.org.br\/site\/comissoes\/\" \/>\n<meta property=\"og:site_name\" content=\"ABTelecom\" \/>\n<meta property=\"article:modified_time\" content=\"2025-01-25T15:24:48+00:00\" \/>\n<meta name=\"twitter:card\" content=\"summary_large_image\" \/>\n<meta name=\"twitter:label1\" content=\"Est. tempo de leitura\" \/>\n\t<meta name=\"twitter:data1\" content=\"5 minutos\" \/>\n<script type=\"application\/ld+json\" class=\"yoast-schema-graph\">{\"@context\":\"https:\/\/schema.org\",\"@graph\":[{\"@type\":\"WebPage\",\"@id\":\"https:\/\/abtelecom.org.br\/site\/comissoes\/\",\"url\":\"https:\/\/abtelecom.org.br\/site\/comissoes\/\",\"name\":\"Comiss\u00f5es - ABTelecom\",\"isPartOf\":{\"@id\":\"https:\/\/abtelecom.org.br\/site\/#website\"},\"datePublished\":\"2016-05-12T02:25:50+00:00\",\"dateModified\":\"2025-01-25T15:24:48+00:00\",\"breadcrumb\":{\"@id\":\"https:\/\/abtelecom.org.br\/site\/comissoes\/#breadcrumb\"},\"inLanguage\":\"pt-BR\",\"potentialAction\":[{\"@type\":\"ReadAction\",\"target\":[\"https:\/\/abtelecom.org.br\/site\/comissoes\/\"]}]},{\"@type\":\"BreadcrumbList\",\"@id\":\"https:\/\/abtelecom.org.br\/site\/comissoes\/#breadcrumb\",\"itemListElement\":[{\"@type\":\"ListItem\",\"position\":1,\"name\":\"In\u00edcio\",\"item\":\"https:\/\/abtelecom.org.br\/site\/\"},{\"@type\":\"ListItem\",\"position\":2,\"name\":\"Comiss\u00f5es\"}]},{\"@type\":\"WebSite\",\"@id\":\"https:\/\/abtelecom.org.br\/site\/#website\",\"url\":\"https:\/\/abtelecom.org.br\/site\/\",\"name\":\"ABTelecom\",\"description\":\"Associa\u00e7\u00e3o Brasileira de Telecomunica\u00e7\u00f5es\",\"potentialAction\":[{\"@type\":\"SearchAction\",\"target\":{\"@type\":\"EntryPoint\",\"urlTemplate\":\"https:\/\/abtelecom.org.br\/site\/?s={search_term_string}\"},\"query-input\":\"required name=search_term_string\"}],\"inLanguage\":\"pt-BR\"}]}<\/script>\n<!-- \/ Yoast SEO plugin. -->","yoast_head_json":{"title":"Comiss\u00f5es - ABTelecom","robots":{"index":"index","follow":"follow","max-snippet":"max-snippet:-1","max-image-preview":"max-image-preview:large","max-video-preview":"max-video-preview:-1"},"canonical":"https:\/\/abtelecom.org.br\/site\/comissoes\/","og_locale":"pt_BR","og_type":"article","og_title":"Comiss\u00f5es - ABTelecom","og_url":"https:\/\/abtelecom.org.br\/site\/comissoes\/","og_site_name":"ABTelecom","article_modified_time":"2025-01-25T15:24:48+00:00","twitter_card":"summary_large_image","twitter_misc":{"Est. tempo de leitura":"5 minutos"},"schema":{"@context":"https:\/\/schema.org","@graph":[{"@type":"WebPage","@id":"https:\/\/abtelecom.org.br\/site\/comissoes\/","url":"https:\/\/abtelecom.org.br\/site\/comissoes\/","name":"Comiss\u00f5es - ABTelecom","isPartOf":{"@id":"https:\/\/abtelecom.org.br\/site\/#website"},"datePublished":"2016-05-12T02:25:50+00:00","dateModified":"2025-01-25T15:24:48+00:00","breadcrumb":{"@id":"https:\/\/abtelecom.org.br\/site\/comissoes\/#breadcrumb"},"inLanguage":"pt-BR","potentialAction":[{"@type":"ReadAction","target":["https:\/\/abtelecom.org.br\/site\/comissoes\/"]}]},{"@type":"BreadcrumbList","@id":"https:\/\/abtelecom.org.br\/site\/comissoes\/#breadcrumb","itemListElement":[{"@type":"ListItem","position":1,"name":"In\u00edcio","item":"https:\/\/abtelecom.org.br\/site\/"},{"@type":"ListItem","position":2,"name":"Comiss\u00f5es"}]},{"@type":"WebSite","@id":"https:\/\/abtelecom.org.br\/site\/#website","url":"https:\/\/abtelecom.org.br\/site\/","name":"ABTelecom","description":"Associa\u00e7\u00e3o Brasileira de Telecomunica\u00e7\u00f5es","potentialAction":[{"@type":"SearchAction","target":{"@type":"EntryPoint","urlTemplate":"https:\/\/abtelecom.org.br\/site\/?s={search_term_string}"},"query-input":"required name=search_term_string"}],"inLanguage":"pt-BR"}]}},"_links":{"self":[{"href":"https:\/\/abtelecom.org.br\/site\/wp-json\/wp\/v2\/pages\/560"}],"collection":[{"href":"https:\/\/abtelecom.org.br\/site\/wp-json\/wp\/v2\/pages"}],"about":[{"href":"https:\/\/abtelecom.org.br\/site\/wp-json\/wp\/v2\/types\/page"}],"author":[{"embeddable":true,"href":"https:\/\/abtelecom.org.br\/site\/wp-json\/wp\/v2\/users\/17"}],"replies":[{"embeddable":true,"href":"https:\/\/abtelecom.org.br\/site\/wp-json\/wp\/v2\/comments?post=560"}],"version-history":[{"count":2,"href":"https:\/\/abtelecom.org.br\/site\/wp-json\/wp\/v2\/pages\/560\/revisions"}],"predecessor-version":[{"id":2708,"href":"https:\/\/abtelecom.org.br\/site\/wp-json\/wp\/v2\/pages\/560\/revisions\/2708"}],"wp:attachment":[{"href":"https:\/\/abtelecom.org.br\/site\/wp-json\/wp\/v2\/media?parent=560"}],"curies":[{"name":"wp","href":"https:\/\/api.w.org\/{rel}","templated":true}]}}