{"id":927,"date":"2017-03-06T22:51:39","date_gmt":"2017-03-07T01:51:39","guid":{"rendered":"http:\/\/abtelecom.org.br\/site\/?page_id=927"},"modified":"2023-02-01T16:07:50","modified_gmt":"2023-02-01T19:07:50","slug":"servicos","status":"publish","type":"page","link":"https:\/\/abtelecom.org.br\/site\/servicos\/","title":{"rendered":"Servi\u00e7os"},"content":{"rendered":"<\/div><\/div><\/div><!-- close content main div --><\/div><\/div><div id='av_section_1' class='avia-section main_color avia-section-large avia-no-border-styling avia-bg-style-scroll  container_wrap sidebar_right'   ><div class='container' ><div class='template-page content  av-content-small alpha units'><div class='post-entry post-entry-type-page post-entry-927'><div class='entry-content-wrapper clearfix'>\n<div style='padding-bottom:30px;font-size:70px;' class='av-special-heading av-special-heading-h1  blockquote modern-quote   av-thin-font av-inherit-size'><h1 class='av-special-heading-tag'  itemprop=\"headline\"  >Veja o que oferecemos<strong>.<\/strong><\/h1><div class='special-heading-border'><div class='special-heading-inner-border' ><\/div><\/div><\/div>\n<div class=\"flex_column av_one_half  flex_column_div av-zero-column-padding first  \" style='border-radius:0px; '><p><section class=\"av_textblock_section\"  itemscope=\"itemscope\" itemtype=\"https:\/\/schema.org\/CreativeWork\" ><div class='avia_textblock '   itemprop=\"text\" ><p>Dentro de sua vis\u00e3o de mediadora de a\u00e7\u00f5es de desenvolvimento e de oportunidades, a ABTELECOM oferece os seguintes servi\u00e7os e facilidades:<\/p>\n<ul>\n<li><strong>CERTIFICA\u00c7\u00c2O DE PRODUTOS DE TELECOMUNICA\u00c7\u00d5ES E FUN\u00c7\u00d5ES DE TELECOMUNICA\u00c7\u00d5ES EM PRODUTOS PARA OUTROS USOS<\/strong><\/li>\n<li><strong>ASSESSORIA<\/strong><\/li>\n<li><strong>CONSULTORIA<\/strong><\/li>\n<\/ul>\n<p>Em parceria, a ABTELECOM encaminha processos de certifica\u00e7\u00e3o, em obedi\u00eancia \u00e0 legisla\u00e7\u00e3o do Inmetro, Anatel e outras ag\u00eancias de regulamenta\u00e7\u00e3o.<\/p>\n<\/div><\/section><br \/>\n<div style='height:30px' class='hr hr-invisible '><span class='hr-inner ' ><span class='hr-inner-style'><\/span><\/span><\/div><br \/>\n<div class='avia-button-wrap avia-button-left '><a href='https:\/\/abtelecom.org.br\/site\/certificacao-de-produtos-de-telecomunicacoes-e-funcoes-de-telecomunicacoes-em-produtos-para-outros-usos\/' class='avia-button av-icon-on-hover avia-icon_select-yes-right-icon avia-color-dark avia-size-large avia-position-left '   ><span class='avia_iconbox_title' >LEIA MAIS<\/span><span class='avia_button_icon avia_button_icon_right' aria-hidden='true' data-av_icon='\ue879' data-av_iconfont='entypo-fontello'><\/span><\/a><\/div><br \/>\n<div style='height:30px' class='hr hr-invisible '><span class='hr-inner ' ><span class='hr-inner-style'><\/span><\/span><\/div><br \/>\n<div class='avia-button-wrap avia-button-left '><a href='https:\/\/abtelecom.org.br\/site\/produtos-de-certificacao-compulsoria\/' class='avia-button av-icon-on-hover avia-icon_select-yes-right-icon avia-color-dark avia-size-large avia-position-left '   ><span class='avia_iconbox_title' >PRODUTOS DE CERTIFICA\u00c7\u00c3O COMPULS\u00d3RIA<\/span><span class='avia_button_icon avia_button_icon_right' aria-hidden='true' data-av_icon='\ue879' data-av_iconfont='entypo-fontello'><\/span><\/a><\/div><\/p><\/div><div class=\"flex_column av_one_half  flex_column_div av-zero-column-padding   \" style='border-radius:0px; '><div style='height:30px' class='hr hr-invisible '><span class='hr-inner ' ><span class='hr-inner-style'><\/span><\/span><\/div><\/div><\/div><\/div><\/div><!-- close content main div --><\/div><\/div><div id='after_section_1' class='main_color av_default_container_wrap container_wrap sidebar_right'   ><div class='container' ><div class='template-page content  av-content-small alpha units'><div class='post-entry post-entry-type-page post-entry-927'><div class='entry-content-wrapper clearfix'><\/div><\/div><\/div><!-- close content main div --><\/div><\/div><div id='missao' class='av-layout-grid-container entry-content-wrapper main_color av-flex-cells  container_wrap sidebar_right'   >\n<div class=\"flex_cell no_margin av_one_half   avia-full-stretch av-zero-padding \" style='vertical-align:middle; padding:0px; '><div class='flex_cell_inner' ><\/div><\/div><div class=\"flex_cell no_margin av_one_half   \" style='vertical-align:middle; padding:100px; background-color:#eaeaea; '><div class='flex_cell_inner' ><section class=\"av_textblock_section\"  itemscope=\"itemscope\" itemtype=\"https:\/\/schema.org\/CreativeWork\" ><div class='avia_textblock '   itemprop=\"text\" ><ul>\n<li><strong>VERIFIQUE O RESPEITO \u00c0 SUA CRIA\u00c7\u00c3O INTELECTUAL<\/strong><\/li>\n<\/ul>\n<p>Conhe\u00e7a e teste o PLAGIUM. Sua cria\u00e7\u00e3o pode estar sendo reproduzida\u2026sem sua autoriza\u00e7\u00e3o.<\/p>\n<p><a href=\"http:\/\/www.plagium.com\/\">http:\/\/www.plagium.com\/<\/a><\/p>\n<\/div><\/section>\n<\/div><\/div>\n<\/div><\/p>\n<div class='avia-button-wrap avia-button-center '><a href='https:\/\/abtelecom.org.br\/site\/quero-me-associar\/' class='avia-button avia-button-fullwidth av-icon-on-hover avia-icon_select-yes-right-icon avia-color-theme-color '  target=\"_blank\"  style='color:#ffffff; ' ><span class='avia_iconbox_title' >QUERO ME ASSOCIAR A ABTELECOM<\/span><span class='avia_button_icon avia_button_icon_right' aria-hidden='true' data-av_icon='\ue879' data-av_iconfont='entypo-fontello'><\/span><span class='avia_button_background avia-button avia-button-fullwidth avia-color-green' ><\/span><\/a><\/div>\n","protected":false},"excerpt":{"rendered":"","protected":false},"author":17,"featured_media":0,"parent":0,"menu_order":0,"comment_status":"closed","ping_status":"closed","template":"","meta":{"_exactmetrics_skip_tracking":false,"_exactmetrics_sitenote_active":false,"_exactmetrics_sitenote_note":"","_exactmetrics_sitenote_category":0,"footnotes":""},"yoast_head":"<!-- This site is optimized with the Yoast SEO plugin v21.7 - https:\/\/yoast.com\/wordpress\/plugins\/seo\/ -->\n<title>Servi\u00e7os - ABTelecom<\/title>\n<meta name=\"robots\" content=\"index, follow, max-snippet:-1, max-image-preview:large, max-video-preview:-1\" \/>\n<link rel=\"canonical\" href=\"https:\/\/abtelecom.org.br\/site\/servicos\/\" \/>\n<meta property=\"og:locale\" content=\"pt_BR\" \/>\n<meta property=\"og:type\" content=\"article\" \/>\n<meta property=\"og:title\" content=\"Servi\u00e7os - ABTelecom\" \/>\n<meta property=\"og:url\" content=\"https:\/\/abtelecom.org.br\/site\/servicos\/\" \/>\n<meta property=\"og:site_name\" content=\"ABTelecom\" \/>\n<meta property=\"article:modified_time\" content=\"2023-02-01T19:07:50+00:00\" \/>\n<meta name=\"twitter:card\" content=\"summary_large_image\" \/>\n<meta name=\"twitter:label1\" content=\"Est. tempo de leitura\" \/>\n\t<meta name=\"twitter:data1\" content=\"2 minutos\" \/>\n<script type=\"application\/ld+json\" class=\"yoast-schema-graph\">{\"@context\":\"https:\/\/schema.org\",\"@graph\":[{\"@type\":\"WebPage\",\"@id\":\"https:\/\/abtelecom.org.br\/site\/servicos\/\",\"url\":\"https:\/\/abtelecom.org.br\/site\/servicos\/\",\"name\":\"Servi\u00e7os - ABTelecom\",\"isPartOf\":{\"@id\":\"https:\/\/abtelecom.org.br\/site\/#website\"},\"datePublished\":\"2017-03-07T01:51:39+00:00\",\"dateModified\":\"2023-02-01T19:07:50+00:00\",\"breadcrumb\":{\"@id\":\"https:\/\/abtelecom.org.br\/site\/servicos\/#breadcrumb\"},\"inLanguage\":\"pt-BR\",\"potentialAction\":[{\"@type\":\"ReadAction\",\"target\":[\"https:\/\/abtelecom.org.br\/site\/servicos\/\"]}]},{\"@type\":\"BreadcrumbList\",\"@id\":\"https:\/\/abtelecom.org.br\/site\/servicos\/#breadcrumb\",\"itemListElement\":[{\"@type\":\"ListItem\",\"position\":1,\"name\":\"In\u00edcio\",\"item\":\"https:\/\/abtelecom.org.br\/site\/\"},{\"@type\":\"ListItem\",\"position\":2,\"name\":\"Servi\u00e7os\"}]},{\"@type\":\"WebSite\",\"@id\":\"https:\/\/abtelecom.org.br\/site\/#website\",\"url\":\"https:\/\/abtelecom.org.br\/site\/\",\"name\":\"ABTelecom\",\"description\":\"Associa\u00e7\u00e3o Brasileira de Telecomunica\u00e7\u00f5es\",\"potentialAction\":[{\"@type\":\"SearchAction\",\"target\":{\"@type\":\"EntryPoint\",\"urlTemplate\":\"https:\/\/abtelecom.org.br\/site\/?s={search_term_string}\"},\"query-input\":\"required name=search_term_string\"}],\"inLanguage\":\"pt-BR\"}]}<\/script>\n<!-- \/ Yoast SEO plugin. -->","yoast_head_json":{"title":"Servi\u00e7os - ABTelecom","robots":{"index":"index","follow":"follow","max-snippet":"max-snippet:-1","max-image-preview":"max-image-preview:large","max-video-preview":"max-video-preview:-1"},"canonical":"https:\/\/abtelecom.org.br\/site\/servicos\/","og_locale":"pt_BR","og_type":"article","og_title":"Servi\u00e7os - ABTelecom","og_url":"https:\/\/abtelecom.org.br\/site\/servicos\/","og_site_name":"ABTelecom","article_modified_time":"2023-02-01T19:07:50+00:00","twitter_card":"summary_large_image","twitter_misc":{"Est. tempo de leitura":"2 minutos"},"schema":{"@context":"https:\/\/schema.org","@graph":[{"@type":"WebPage","@id":"https:\/\/abtelecom.org.br\/site\/servicos\/","url":"https:\/\/abtelecom.org.br\/site\/servicos\/","name":"Servi\u00e7os - ABTelecom","isPartOf":{"@id":"https:\/\/abtelecom.org.br\/site\/#website"},"datePublished":"2017-03-07T01:51:39+00:00","dateModified":"2023-02-01T19:07:50+00:00","breadcrumb":{"@id":"https:\/\/abtelecom.org.br\/site\/servicos\/#breadcrumb"},"inLanguage":"pt-BR","potentialAction":[{"@type":"ReadAction","target":["https:\/\/abtelecom.org.br\/site\/servicos\/"]}]},{"@type":"BreadcrumbList","@id":"https:\/\/abtelecom.org.br\/site\/servicos\/#breadcrumb","itemListElement":[{"@type":"ListItem","position":1,"name":"In\u00edcio","item":"https:\/\/abtelecom.org.br\/site\/"},{"@type":"ListItem","position":2,"name":"Servi\u00e7os"}]},{"@type":"WebSite","@id":"https:\/\/abtelecom.org.br\/site\/#website","url":"https:\/\/abtelecom.org.br\/site\/","name":"ABTelecom","description":"Associa\u00e7\u00e3o Brasileira de Telecomunica\u00e7\u00f5es","potentialAction":[{"@type":"SearchAction","target":{"@type":"EntryPoint","urlTemplate":"https:\/\/abtelecom.org.br\/site\/?s={search_term_string}"},"query-input":"required name=search_term_string"}],"inLanguage":"pt-BR"}]}},"_links":{"self":[{"href":"https:\/\/abtelecom.org.br\/site\/wp-json\/wp\/v2\/pages\/927"}],"collection":[{"href":"https:\/\/abtelecom.org.br\/site\/wp-json\/wp\/v2\/pages"}],"about":[{"href":"https:\/\/abtelecom.org.br\/site\/wp-json\/wp\/v2\/types\/page"}],"author":[{"embeddable":true,"href":"https:\/\/abtelecom.org.br\/site\/wp-json\/wp\/v2\/users\/17"}],"replies":[{"embeddable":true,"href":"https:\/\/abtelecom.org.br\/site\/wp-json\/wp\/v2\/comments?post=927"}],"version-history":[{"count":0,"href":"https:\/\/abtelecom.org.br\/site\/wp-json\/wp\/v2\/pages\/927\/revisions"}],"wp:attachment":[{"href":"https:\/\/abtelecom.org.br\/site\/wp-json\/wp\/v2\/media?parent=927"}],"curies":[{"name":"wp","href":"https:\/\/api.w.org\/{rel}","templated":true}]}}